{"id":11465,"date":"2021-04-19T07:47:36","date_gmt":"2021-04-19T07:47:36","guid":{"rendered":"https:\/\/huguetmallorca.com\/?page_id=11465"},"modified":"2021-04-20T16:12:30","modified_gmt":"2021-04-20T16:12:30","slug":"aviso-legal","status":"publish","type":"page","link":"https:\/\/huguetmallorca.com\/ca\/aviso-legal\/","title":{"rendered":"Av\u00eds legal"},"content":{"rendered":"<p>[vc_row content_placement=&#8221;top&#8221; el_class=&#8221;images&#8221;][\/vc_row][vc_row content_placement=&#8221;top&#8221; el_class=&#8221;images&#8221;][vc_column width=&#8221;1\/12&#8243;][\/vc_column][vc_column width=&#8221;10\/12&#8243; el_class=&#8221;box_select_mosaico&#8221;][vc_row_inner equal_height=&#8221;yes&#8221;][vc_column_inner width=&#8221;1\/3&#8243; css=&#8221;.vc_custom_1463924477334{padding-right: 0px !important;padding-left: 0px !important;}&#8221;][vc_single_image image=&#8221;362&#8243; onclick=&#8221;custom_link&#8221; link=&#8221;http:\/\/huguetmallorca.com\/&#8221; el_class=&#8221;logo&#8221;][\/vc_column_inner][vc_column_inner el_class=&#8221;center_col&#8221; width=&#8221;1\/3&#8243; css=&#8221;.vc_custom_1461146933500{padding-right: 0px !important;padding-left: 0px !important;}&#8221;][vc_wp_custommenu nav_menu=&#8221;2&#8243;][\/vc_column_inner][vc_column_inner width=&#8221;1\/3&#8243; css=&#8221;.vc_custom_1463925001550{padding-right: 0px !important;padding-left: 0px !important;background-position: center !important;background-repeat: no-repeat !important;background-size: cover !important;}&#8221;][\/vc_column_inner][\/vc_row_inner][\/vc_column][vc_column width=&#8221;1\/12&#8243;][\/vc_column][\/vc_row][vc_row content_placement=&#8221;top&#8221; el_class=&#8221;images&#8221;][vc_column width=&#8221;1\/12&#8243;][\/vc_column][vc_column width=&#8221;10\/12&#8243;][vc_row_inner equal_height=&#8221;yes&#8221; el_class=&#8221;box-aside&#8221;][vc_column_inner el_class=&#8221;texto&#8211;extenso&#8221; width=&#8221;2\/3&#8243; css=&#8221;.vc_custom_1613738769909{padding-right: 0px !important;padding-left: 0px !important;}&#8221;][vc_column_text]<\/p>\n<h3>Av\u00eds legal<\/h3>\n<h4>Dades identificatives<\/h4>\n<p>Vost\u00e8 est\u00e0 visitant la p\u00e0gina web \u2028www.huguetmallorca.com titularitat de HUGUET RAJOLES HIDRAULIQUES SL amb domicili social en CAM\u00cd DE CIUTAT VELL N\u00ba 33, 07630, CAMPOS, ILLES BALEARS amb CIF B07932429 inscrita en el Registre Mercantil NUM.3 DE PALMA DE MALLORCA en el tom 1635 Foli 125, Fulla PM-31541, d&#8217;ara endavant EL TITULAR.<br \/>\nPot contactar amb el TITULAR per qualsevol dels seg\u00fcents mitjans:<br \/>\nTel\u00e8fon: 971650609<br \/>\nCorreu electr\u00f2nic de contacte: administracio@huguetmallorca.com<\/p>\n<h4>Usuaris<\/h4>\n<p>Les presents condicions (d&#8217;ara endavant Av\u00eds Legal) t\u00e9 per finalitat regular l&#8217;\u00fas de la p\u00e0gina web del TITULAR que posa a la disposici\u00f3 del p\u00fablic.<br \/>\nL&#8217;acc\u00e9s i\/o \u00fas d&#8217;aquesta p\u00e0gina web atribueix la condici\u00f3 d\u2019Usuari, que accepta, des d&#8217;aquest acc\u00e9s i\/o \u00fas, les condicions generals d&#8217;\u00fas ac\u00ed reflectides. Les citades condicions seran aplicable independentment de les condicions generals de contractaci\u00f3 que si escau resulten d&#8217;obligat compliment.<\/p>\n<h4>\u00das del portal<\/h4>\n<p>http:\/\/ www.huguetmallorca.com proporciona l&#8217;acc\u00e9s a multitud d&#8217;informacions, serveis, programes o dades (d&#8217;ara endavant, \u201cels continguts\u201d) en Internet pertanyents al TITULAR o als seus llicencia dors als quals l\u2019Usuari pot tenir acc\u00e9s.<br \/>\nL&#8217;usuari assumeix la responsabilitat de l&#8217;\u00fas del portal. Aquesta responsabilitat s&#8217;est\u00e9n al registre que an\u00e9s necessari per accedir a determinats serveis o continguts. En aquest registre l\u2019Usuari ser\u00e0 responsable d&#8217;aportar informaci\u00f3 vera\u00e7 i l\u00edcita. Com a conseq\u00fc\u00e8ncia d&#8217;aquest registre, a l\u2019Usuari se li pot proporcionar una contrasenya de la qual ser\u00e0 responsable, comprometent-se a fer un \u00fas diligent i confidencial de la mateixa.<br \/>\nL&#8217;USUARI es compromet a fer un \u00fas adequat dels continguts i serveis (p.i. serveis de xat, f\u00f2rums de discussi\u00f3 o grups de not\u00edcies) que EL TITULAR ofereix a trav\u00e9s del seu portal i amb car\u00e0cter enunciatiu per\u00f2 no l\u2019imitatiu, a no emprar-los para:<\/p>\n<ul>\n<li>Inc\u00f3rrer en activitats il\u00b7l\u00edcites, il\u00b7legals o contr\u00e0ries a la bona fe i a l&#8217;ordre p\u00fablic.<\/li>\n<li>Difondre continguts o propaganda racista, xen\u00f2foba, pornogr\u00e0fic-il\u00b7legal, d&#8217;apologia del terrorisme o atemptat\u00f2ria contra els drets humans.<\/li>\n<li>Provocar danys en els sistemes f\u00edsics i l\u00f2gics de HUGUET RAJOLES HIDRAULIQUES SL, dels seus prove\u00efdors o de terceres persones, introduir o difondre en l xarxa virus inform\u00e0tics o qualssevol altres sistemes f\u00edsics o l\u00f2gics que siguin susceptibles de provocar els danys anteriorment esmentats.<\/li>\n<li>Intentar accedir i, si escau, utilitzar els comptes de correu electr\u00f2nic d&#8217;altres usuaris i modificar o manipular els seus missatges.<\/li>\n<li>Utilitzar el lloc web ni les informacions que en ell es contenen amb finalitats comercials, pol\u00edtics, publicitaris i per a qualsevol \u00fas comercial, sobretot en l&#8217;enviament de correus electr\u00f2nics no sol\u00b7licitats.<\/li>\n<\/ul>\n<p>EL TITULAR es reserva el dret a retirar tots aquells comentaris i aportacions que vulneren el respecte a la dignitat de la persona, que siguin discriminatoris, xen\u00f2fobs, racistes, pornogr\u00e0fics, que atempten contra la joventut o la inf\u00e0ncia, l&#8217;ordre o la seguretat p\u00fablica o que, al seu judici, no resultaran adequats per a la seua publicaci\u00f3. En qualsevol cas, EL TITULAR no ser\u00e0 responsable de les opinions abocades pels usuaris a trav\u00e9s dels f\u00f2rums, xats, o altres eines de participaci\u00f3.<\/p>\n<h4>Protecci\u00f3 de dades<\/h4>\n<p>Tot el relatiu a la pol\u00edtica de protecci\u00f3 de dades es troba recollit en el document de pol\u00edtica de privadesa.<\/p>\n<h4>Continguts. Propietat intel\u00b7lectual i industrial<\/h4>\n<p>EL TITULAR \u00e9s propietari de tots els drets de propietat intel\u00b7lectual i industrial de la seua p\u00e0gina web, aix\u00ed com dels elements continguts en la mateixa (a t\u00edtol enunciatiu: imatges, fotografies, so, \u00e0udio, v\u00eddeo, programari o textos; marques o logotips, combinacions de colors, estructura i disseny, selecci\u00f3 de materials usats, programes d&#8217;ordinador necessaris per al seu funcionament, acc\u00e9s i \u00fas, etc), titularitat del TITULAR o b\u00e9 dels seus llicencia dors.<br \/>\nTots els drets reservats. En virtut del que es disposa en els articles 8 i 32.1, par\u00e0graf segon, de la Llei de Propietat Intel\u00b7lectual, queden expressament prohibides la reproducci\u00f3, la distribuci\u00f3 i la comunicaci\u00f3 p\u00fablica, inclosa la seua modalitat de posada a disposici\u00f3, de la totalitat o part dels continguts d&#8217;aquesta p\u00e0gina web, amb finalitats comercials, en qualsevol suport i per qualsevol mitj\u00e0 t\u00e8cnic, sense l&#8217;autoritzaci\u00f3 del TITULAR.<\/p>\n<h4>Exclusi\u00f3 de garanties i responsabilitat<\/h4>\n<p>L&#8217;USUARI reconeix que la utilitzaci\u00f3 de la p\u00e0gina web i dels seus continguts i serveis es desenvolupa sota la seua exclusiva responsabilitat. En concret, a t\u00edtol merament enunciatiu, EL TITULAR no assumeix cap responsabilitat en els seg\u00fcents \u00e0mbits:<\/p>\n<ul>\n<li>La disponibilitat del funcionament de la p\u00e0gina web, els seus serveis i continguts i la seua qualitat o interoperabilitat.<\/li>\n<li>La finalitat per a la qual la p\u00e0gina web servisca als objectius de l\u2019Usuari.<\/li>\n<li>La infracci\u00f3 de la legislaci\u00f3 vigent per part de l\u2019Usuari o tercers i, en concret, dels drets de propietat intel\u00b7lectual i industrial que siguin titularitat d&#8217;altres persones o entitats.<\/li>\n<li>L&#8217;exist\u00e8ncia de codis maliciosos o qualsevol altre element inform\u00e0tic nociu que poguera causar el sistema inform\u00e0tic de l\u2019Usuari o de tercers.<\/li>\n<li>Correspon a l\u2019Usuari, en tot cas, disposar d&#8217;eines adequades per a la detecci\u00f3 i desinfecci\u00f3 d&#8217;aquests elements.<\/li>\n<li>L&#8217;acc\u00e9s fraudulent als continguts o serveis per terceros no autoritzats, o, si escau, la captura, eliminaci\u00f3, alteraci\u00f3, modificaci\u00f3 o manipulaci\u00f3 dels missatges i comunicacions de qualsevol classe que dites terceres poguera realitzar.<\/li>\n<li>L&#8217;exactitud, veracitat, actualitat i utilitat dels continguts i serveis oferts i la utilitzaci\u00f3 posterior que d&#8217;ells faci l\u2019Usuari. EL TITULAR emprar\u00e0 tots els esfor\u00e7os i mitjans raonables per a facilitar la informaci\u00f3 actualitzada i fefaent.<\/li>\n<li>Els danys produ\u00efts a equips inform\u00e0tics durant l&#8217;acc\u00e9s a la p\u00e0gina web i els danys produ\u00efts als USUARIS quan tinguin el seu origen en fallades o desconnexions en les xarxes de telecomunicacions que interrompen el servei.<\/li>\n<li>Els danys o perjudicis que es deriven de circumst\u00e0ncies esdevingudes per cas fortu\u00eft o for\u00e7a major.<\/li>\n<\/ul>\n<p>En cas que existeixin f\u00f2rums, l&#8217;\u00fas dels mateixos o altres espais an\u00e0legs, ha de tenir-se en compte que els missatges reflecteixin \u00fanicament l&#8217;opini\u00f3 de l\u2019Usuari que els remitent, que \u00e9s l&#8217;\u00fanic responsable. EL TITULAR no es fa responsable del contingut dels missatges enviats per l\u2019Usuari.<\/p>\n<h4>Modificaci\u00f3 d&#8217;aquest av\u00eds legal i durada<\/h4>\n<p>EL TITULAR es reserva el dret d&#8217;efectuar sense previ av\u00eds les modificacions que considera oportunes en el seu portal, podent canviar, suprimir o afegir tants continguts i serveis que es prestin a trav\u00e9s de la mateixa, com la forma en la qual aquests apareguin representats o localitzats al seu portal.<br \/>\nLa vig\u00e8ncia de les citades condicions anir\u00e0 en funci\u00f3 de la seua exposici\u00f3 i estaran vigents fins que siguin modificades per unes altres degudament publicades.<\/p>\n<h4>Enlla\u00e7os<\/h4>\n<p>En el cas que en http:\/\/www.huguetmallorca.com s&#8217;incloguessin enlla\u00e7os o hiperv\u00ednculos cap a altres llocs d&#8217;Internet, EL TITULAR no exercir\u00e0 cap tipus de control sobre aquests llocs i continguts. En cap cas EL TITULAR assumir\u00e0 responsabilitat alguna pels continguts d&#8217;algun enlla\u00e7 pertanyent a un lloc web ali\u00e8, ni garantir\u00e0 la disponibilitat t\u00e8cnica, qualitat, fiabilitat, exactitud, amplitud, veracitat, validesa i constitucionalitat de qualsevol mat\u00e8ria o informaci\u00f3 continguda en cap d&#8217;aquests hiperv\u00ednculos i altres llocs en Internet. Igualment, la inclusi\u00f3 d&#8217;aquestes connexions externes no implicar\u00e0 cap tipus d&#8217;associaci\u00f3, fusi\u00f3 o participaci\u00f3 amb les entitats connectades.<\/p>\n<h4>Drets d&#8217;exclusi\u00f3<\/h4>\n<p>EL TITULAR es reserva el dret a denegar o retirar l&#8217;acc\u00e9s a portal i\/o els serveis oferts sense necessitat d&#8217;advertiment previ, a inst\u00e0ncia pr\u00f2pia o d&#8217;un tercer, a aquells usuaris que incompleixin el contingut d&#8217;aquest av\u00eds legal.<\/p>\n<h4>Generalitats<\/h4>\n<p>EL TITULAR perseguir\u00e0 l\u2019 incompliment de les presents condicions aix\u00ed com qualsevol utilitzaci\u00f3 indeguda del seu portal exercint totes les accions civils i penals que li puguen correspondre en dret.<\/p>\n<h4>Legislaci\u00f3 aplicable i jurisdicci\u00f3<\/h4>\n<p>La relaci\u00f3 entre EL TITULAR i L&#8217;USUARI es regir\u00e0 per la normativa espanyola vigent. Totes les disputes i reclamacions derivades d&#8217;aquest av\u00eds legal es resoldran pels jutjats i tribunals espanyols.<\/p>\n<h4>Menors d&#8217;edat<\/h4>\n<p>http:\/\/ www.huguetmallorca.com dirigeix els seus serveis a usuaris majors de 18 anys. Els menors d&#8217;aquesta edat no estan autoritzats a utilitzar els nostres serveis i no hauran de, per tant, enviar-nos les seues dades personals. Informem que si es d\u00f3na tal circumst\u00e0ncia, HUGUET RAJOLES HIDRAULIQUES SL no es fa responsable de les possibles conseq\u00fc\u00e8ncies que pogueren derivar-se de d\u2019incompliment de l&#8217;av\u00eds que en aquesta mateixa cl\u00e0usula s\u2019estableix.<\/p>\n<h4>Mesures de seguretat.- SSL<\/h4>\n<p>El Titular ha contractat per al seu lloc web un certificat SSL (\u00abSecure Sockets Layer\u00bb).<\/p>\n<p>Un certificat SSL permet protegir tota la informaci\u00f3 personal i confidencial que es pugui manejar en un lloc web, independentment de la informaci\u00f3 que s&#8217;estigui transmetent, com per exemple, des de qualsevol dels formularis de contacte del lloc web fins al servidor, o les dades introdu\u00efdes per a la subscripci\u00f3 de butlletins de not\u00edcies o accessos a les \u00e0rees protegides, etc.<\/p>\n<p>L&#8217;adre\u00e7a del lloc web apareixer\u00e0 en color verd, activant-se el protocol \u201chttps\u201d que permet connexions segures des d&#8217;un servidor web al navegador de l\u2019usuari.[\/vc_column_text][\/vc_column_inner][vc_column_inner width=&#8221;1\/3&#8243; css=&#8221;.vc_custom_1476011431617{padding-right: 0px !important;padding-left: 0px !important;background-position: center !important;background-repeat: no-repeat !important;background-size: cover !important;}&#8221;][\/vc_column_inner][\/vc_row_inner][\/vc_column][vc_column width=&#8221;1\/12&#8243;][\/vc_column][\/vc_row]<\/p>","protected":false},"excerpt":{"rendered":"<p>[vc_row content_placement=&#8221;top&#8221; el_class=&#8221;images&#8221;][\/vc_row][vc_row content_placement=&#8221;top&#8221; el_class=&#8221;images&#8221;][vc_column width=&#8221;1\/12&#8243;][\/vc_column][vc_column width=&#8221;10\/12&#8243; el_class=&#8221;box_select_mosaico&#8221;][vc_row_inner equal_height=&#8221;yes&#8221;][vc_column_inner width=&#8221;1\/3&#8243; css=&#8221;.vc_custom_1463924477334{padding-right: 0px !important;padding-left: 0px !important;}&#8221;][vc_single_image image=&#8221;362&#8243; onclick=&#8221;custom_link&#8221; link=&#8221;http:\/\/huguetmallorca.com\/&#8221; el_class=&#8221;logo&#8221;][\/vc_column_inner][vc_column_inner el_class=&#8221;center_col&#8221; width=&#8221;1\/3&#8243; css=&#8221;.vc_custom_1461146933500{padding-right: 0px !important;padding-left: 0px !important;}&#8221;][vc_wp_custommenu nav_menu=&#8221;2&#8243;][\/vc_column_inner][vc_column_inner width=&#8221;1\/3&#8243; css=&#8221;.vc_custom_1463925001550{padding-right: 0px !important;padding-left: 0px !important;background-position: center !important;background-repeat: no-repeat !important;background-size: cover !important;}&#8221;][\/vc_column_inner][\/vc_row_inner][\/vc_column][vc_column width=&#8221;1\/12&#8243;][\/vc_column][\/vc_row][vc_row content_placement=&#8221;top&#8221; el_class=&#8221;images&#8221;][vc_column width=&#8221;1\/12&#8243;][\/vc_column][vc_column width=&#8221;10\/12&#8243;][vc_row_inner equal_height=&#8221;yes&#8221; el_class=&#8221;box-aside&#8221;][vc_column_inner el_class=&#8221;texto&#8211;extenso&#8221; width=&#8221;2\/3&#8243; css=&#8221;.vc_custom_1613738769909{padding-right: 0px !important;padding-left: 0px !important;}&#8221;][vc_column_text] Av\u00eds legal [&hellip;]<\/p>\n","protected":false},"author":7,"featured_media":0,"parent":0,"menu_order":-1,"comment_status":"closed","ping_status":"closed","template":"","meta":{"footnotes":""},"categories":[],"tags":[],"class_list":["post-11465","page","type-page","status-publish","hentry"],"yoast_head":"<!-- This site is optimized with the Yoast SEO plugin v20.0 - https:\/\/yoast.com\/wordpress\/plugins\/seo\/ -->\n<title>Av\u00eds legal | HUGUET<\/title>\n<meta name=\"robots\" content=\"index, follow, max-snippet:-1, max-image-preview:large, max-video-preview:-1\" \/>\n<link rel=\"canonical\" href=\"https:\/\/huguetmallorca.com\/ca\/aviso-legal\/\" \/>\n<meta property=\"og:locale\" content=\"ca_ES\" \/>\n<meta property=\"og:type\" content=\"article\" \/>\n<meta property=\"og:title\" content=\"Av\u00eds legal | HUGUET\" \/>\n<meta property=\"og:description\" content=\"[vc_row content_placement=&#8221;top&#8221; el_class=&#8221;images&#8221;][\/vc_row][vc_row content_placement=&#8221;top&#8221; el_class=&#8221;images&#8221;][vc_column width=&#8221;1\/12&#8243;][\/vc_column][vc_column width=&#8221;10\/12&#8243; el_class=&#8221;box_select_mosaico&#8221;][vc_row_inner equal_height=&#8221;yes&#8221;][vc_column_inner width=&#8221;1\/3&#8243; css=&#8221;.vc_custom_1463924477334{padding-right: 0px !important;padding-left: 0px !important;}&#8221;][vc_single_image image=&#8221;362&#8243; onclick=&#8221;custom_link&#8221; link=&#8221;http:\/\/huguetmallorca.com\/&#8221; el_class=&#8221;logo&#8221;][\/vc_column_inner][vc_column_inner el_class=&#8221;center_col&#8221; width=&#8221;1\/3&#8243; css=&#8221;.vc_custom_1461146933500{padding-right: 0px !important;padding-left: 0px !important;}&#8221;][vc_wp_custommenu nav_menu=&#8221;2&#8243;][\/vc_column_inner][vc_column_inner width=&#8221;1\/3&#8243; css=&#8221;.vc_custom_1463925001550{padding-right: 0px !important;padding-left: 0px !important;background-position: center !important;background-repeat: no-repeat !important;background-size: cover !important;}&#8221;][\/vc_column_inner][\/vc_row_inner][\/vc_column][vc_column width=&#8221;1\/12&#8243;][\/vc_column][\/vc_row][vc_row content_placement=&#8221;top&#8221; el_class=&#8221;images&#8221;][vc_column width=&#8221;1\/12&#8243;][\/vc_column][vc_column width=&#8221;10\/12&#8243;][vc_row_inner equal_height=&#8221;yes&#8221; el_class=&#8221;box-aside&#8221;][vc_column_inner el_class=&#8221;texto&#8211;extenso&#8221; width=&#8221;2\/3&#8243; css=&#8221;.vc_custom_1613738769909{padding-right: 0px !important;padding-left: 0px !important;}&#8221;][vc_column_text] Av\u00eds legal [&hellip;]\" \/>\n<meta property=\"og:url\" content=\"https:\/\/huguetmallorca.com\/ca\/aviso-legal\/\" \/>\n<meta property=\"og:site_name\" content=\"HUGUET\" \/>\n<meta property=\"article:publisher\" content=\"https:\/\/www.facebook.com\/huguetmallorca\/\" \/>\n<meta property=\"article:modified_time\" content=\"2021-04-20T16:12:30+00:00\" \/>\n<meta name=\"twitter:card\" content=\"summary_large_image\" \/>\n<meta name=\"twitter:site\" content=\"@huguetmallorca\" \/>\n<meta name=\"twitter:label1\" content=\"Temps estimat de lectura\" \/>\n\t<meta name=\"twitter:data1\" content=\"26 minuts\" \/>\n<script type=\"application\/ld+json\" class=\"yoast-schema-graph\">{\"@context\":\"https:\/\/schema.org\",\"@graph\":[{\"@type\":\"WebPage\",\"@id\":\"https:\/\/huguetmallorca.com\/ca\/aviso-legal\/\",\"url\":\"https:\/\/huguetmallorca.com\/ca\/aviso-legal\/\",\"name\":\"Av\u00eds legal | HUGUET\",\"isPartOf\":{\"@id\":\"https:\/\/huguetmallorca.com\/ca\/#website\"},\"datePublished\":\"2021-04-19T07:47:36+00:00\",\"dateModified\":\"2021-04-20T16:12:30+00:00\",\"breadcrumb\":{\"@id\":\"https:\/\/huguetmallorca.com\/ca\/aviso-legal\/#breadcrumb\"},\"inLanguage\":\"ca\",\"potentialAction\":[{\"@type\":\"ReadAction\",\"target\":[[\"https:\/\/huguetmallorca.com\/ca\/aviso-legal\/\"]]}]},{\"@type\":\"BreadcrumbList\",\"@id\":\"https:\/\/huguetmallorca.com\/ca\/aviso-legal\/#breadcrumb\",\"itemListElement\":[{\"@type\":\"ListItem\",\"position\":1,\"name\":\"Portada\",\"item\":\"https:\/\/huguetmallorca.com\/ca\/\"},{\"@type\":\"ListItem\",\"position\":2,\"name\":\"Aviso legal\"}]},{\"@type\":\"WebSite\",\"@id\":\"https:\/\/huguetmallorca.com\/ca\/#website\",\"url\":\"https:\/\/huguetmallorca.com\/ca\/\",\"name\":\"HUGUET\",\"description\":\"\",\"potentialAction\":[{\"@type\":\"SearchAction\",\"target\":{\"@type\":\"EntryPoint\",\"urlTemplate\":\"https:\/\/huguetmallorca.com\/ca\/?s={search_term_string}\"},\"query-input\":\"required name=search_term_string\"}],\"inLanguage\":\"ca\"}]}<\/script>\n<!-- \/ Yoast SEO plugin. -->","yoast_head_json":{"title":"Av\u00eds legal | HUGUET","robots":{"index":"index","follow":"follow","max-snippet":"max-snippet:-1","max-image-preview":"max-image-preview:large","max-video-preview":"max-video-preview:-1"},"canonical":"https:\/\/huguetmallorca.com\/ca\/aviso-legal\/","og_locale":"ca_ES","og_type":"article","og_title":"Av\u00eds legal | HUGUET","og_description":"[vc_row content_placement=&#8221;top&#8221; el_class=&#8221;images&#8221;][\/vc_row][vc_row content_placement=&#8221;top&#8221; el_class=&#8221;images&#8221;][vc_column width=&#8221;1\/12&#8243;][\/vc_column][vc_column width=&#8221;10\/12&#8243; el_class=&#8221;box_select_mosaico&#8221;][vc_row_inner equal_height=&#8221;yes&#8221;][vc_column_inner width=&#8221;1\/3&#8243; css=&#8221;.vc_custom_1463924477334{padding-right: 0px !important;padding-left: 0px !important;}&#8221;][vc_single_image image=&#8221;362&#8243; onclick=&#8221;custom_link&#8221; link=&#8221;http:\/\/huguetmallorca.com\/&#8221; el_class=&#8221;logo&#8221;][\/vc_column_inner][vc_column_inner el_class=&#8221;center_col&#8221; width=&#8221;1\/3&#8243; css=&#8221;.vc_custom_1461146933500{padding-right: 0px !important;padding-left: 0px !important;}&#8221;][vc_wp_custommenu nav_menu=&#8221;2&#8243;][\/vc_column_inner][vc_column_inner width=&#8221;1\/3&#8243; css=&#8221;.vc_custom_1463925001550{padding-right: 0px !important;padding-left: 0px !important;background-position: center !important;background-repeat: no-repeat !important;background-size: cover !important;}&#8221;][\/vc_column_inner][\/vc_row_inner][\/vc_column][vc_column width=&#8221;1\/12&#8243;][\/vc_column][\/vc_row][vc_row content_placement=&#8221;top&#8221; el_class=&#8221;images&#8221;][vc_column width=&#8221;1\/12&#8243;][\/vc_column][vc_column width=&#8221;10\/12&#8243;][vc_row_inner equal_height=&#8221;yes&#8221; el_class=&#8221;box-aside&#8221;][vc_column_inner el_class=&#8221;texto&#8211;extenso&#8221; width=&#8221;2\/3&#8243; css=&#8221;.vc_custom_1613738769909{padding-right: 0px !important;padding-left: 0px !important;}&#8221;][vc_column_text] Av\u00eds legal [&hellip;]","og_url":"https:\/\/huguetmallorca.com\/ca\/aviso-legal\/","og_site_name":"HUGUET","article_publisher":"https:\/\/www.facebook.com\/huguetmallorca\/","article_modified_time":"2021-04-20T16:12:30+00:00","twitter_card":"summary_large_image","twitter_site":"@huguetmallorca","twitter_misc":{"Temps estimat de lectura":"26 minuts"},"schema":{"@context":"https:\/\/schema.org","@graph":[{"@type":"WebPage","@id":"https:\/\/huguetmallorca.com\/ca\/aviso-legal\/","url":"https:\/\/huguetmallorca.com\/ca\/aviso-legal\/","name":"Av\u00eds legal | HUGUET","isPartOf":{"@id":"https:\/\/huguetmallorca.com\/ca\/#website"},"datePublished":"2021-04-19T07:47:36+00:00","dateModified":"2021-04-20T16:12:30+00:00","breadcrumb":{"@id":"https:\/\/huguetmallorca.com\/ca\/aviso-legal\/#breadcrumb"},"inLanguage":"ca","potentialAction":[{"@type":"ReadAction","target":[["https:\/\/huguetmallorca.com\/ca\/aviso-legal\/"]]}]},{"@type":"BreadcrumbList","@id":"https:\/\/huguetmallorca.com\/ca\/aviso-legal\/#breadcrumb","itemListElement":[{"@type":"ListItem","position":1,"name":"Portada","item":"https:\/\/huguetmallorca.com\/ca\/"},{"@type":"ListItem","position":2,"name":"Aviso legal"}]},{"@type":"WebSite","@id":"https:\/\/huguetmallorca.com\/ca\/#website","url":"https:\/\/huguetmallorca.com\/ca\/","name":"HUGUET","description":"","potentialAction":[{"@type":"SearchAction","target":{"@type":"EntryPoint","urlTemplate":"https:\/\/huguetmallorca.com\/ca\/?s={search_term_string}"},"query-input":"required name=search_term_string"}],"inLanguage":"ca"}]}},"_links":{"self":[{"href":"https:\/\/huguetmallorca.com\/ca\/wp-json\/wp\/v2\/pages\/11465","targetHints":{"allow":["GET"]}}],"collection":[{"href":"https:\/\/huguetmallorca.com\/ca\/wp-json\/wp\/v2\/pages"}],"about":[{"href":"https:\/\/huguetmallorca.com\/ca\/wp-json\/wp\/v2\/types\/page"}],"author":[{"embeddable":true,"href":"https:\/\/huguetmallorca.com\/ca\/wp-json\/wp\/v2\/users\/7"}],"replies":[{"embeddable":true,"href":"https:\/\/huguetmallorca.com\/ca\/wp-json\/wp\/v2\/comments?post=11465"}],"version-history":[{"count":5,"href":"https:\/\/huguetmallorca.com\/ca\/wp-json\/wp\/v2\/pages\/11465\/revisions"}],"predecessor-version":[{"id":11931,"href":"https:\/\/huguetmallorca.com\/ca\/wp-json\/wp\/v2\/pages\/11465\/revisions\/11931"}],"wp:attachment":[{"href":"https:\/\/huguetmallorca.com\/ca\/wp-json\/wp\/v2\/media?parent=11465"}],"wp:term":[{"taxonomy":"category","embeddable":true,"href":"https:\/\/huguetmallorca.com\/ca\/wp-json\/wp\/v2\/categories?post=11465"},{"taxonomy":"post_tag","embeddable":true,"href":"https:\/\/huguetmallorca.com\/ca\/wp-json\/wp\/v2\/tags?post=11465"}],"curies":[{"name":"wp","href":"https:\/\/api.w.org\/{rel}","templated":true}]}}