{"id":11905,"date":"2021-04-19T07:48:08","date_gmt":"2021-04-19T07:48:08","guid":{"rendered":"https:\/\/huguetmallorca.com\/aviso-legal-copy\/"},"modified":"2021-04-20T20:56:56","modified_gmt":"2021-04-20T20:56:56","slug":"politica-de-privacidad","status":"publish","type":"page","link":"https:\/\/huguetmallorca.com\/ca\/politica-de-privacidad\/","title":{"rendered":"Pol\u00edtica de privadesa"},"content":{"rendered":"<p>[vc_row content_placement=&#8221;top&#8221; el_class=&#8221;images&#8221;][\/vc_row][vc_row content_placement=&#8221;top&#8221; el_class=&#8221;images&#8221;][vc_column width=&#8221;1\/12&#8243;][\/vc_column][vc_column width=&#8221;10\/12&#8243; el_class=&#8221;box_select_mosaico&#8221;][vc_row_inner equal_height=&#8221;yes&#8221;][vc_column_inner width=&#8221;1\/3&#8243; css=&#8221;.vc_custom_1463924477334{padding-right: 0px !important;padding-left: 0px !important;}&#8221;][vc_single_image image=&#8221;362&#8243; onclick=&#8221;custom_link&#8221; link=&#8221;http:\/\/huguetmallorca.com\/&#8221; el_class=&#8221;logo&#8221;][\/vc_column_inner][vc_column_inner el_class=&#8221;center_col&#8221; width=&#8221;1\/3&#8243; css=&#8221;.vc_custom_1461146933500{padding-right: 0px !important;padding-left: 0px !important;}&#8221;][vc_wp_custommenu nav_menu=&#8221;2&#8243;][\/vc_column_inner][vc_column_inner width=&#8221;1\/3&#8243; css=&#8221;.vc_custom_1463925001550{padding-right: 0px !important;padding-left: 0px !important;background-position: center !important;background-repeat: no-repeat !important;background-size: cover !important;}&#8221;][\/vc_column_inner][\/vc_row_inner][\/vc_column][vc_column width=&#8221;1\/12&#8243;][\/vc_column][\/vc_row][vc_row content_placement=&#8221;top&#8221; el_class=&#8221;images&#8221;][vc_column width=&#8221;1\/12&#8243;][\/vc_column][vc_column width=&#8221;10\/12&#8243;][vc_row_inner equal_height=&#8221;yes&#8221; el_class=&#8221;box-aside&#8221;][vc_column_inner el_class=&#8221;texto&#8211;extenso&#8221; width=&#8221;2\/3&#8243; css=&#8221;.vc_custom_1613738769909{padding-right: 0px !important;padding-left: 0px !important;}&#8221;][vc_column_text]<\/p>\n<h2>Pol\u00edtica de privadesa<\/h2>\n<h3>RESPONSABLE<\/h3>\n<p>Identitat<br \/>\nEmpresa: HUGUET RAJOLES HIDRAULIQUES SL, &#8211; CIF: B07932429 Dir. Postal: CAMINO VELL DE CIUTAT N\u00ba 33, 07630, CAMPOS, ILLES BALEARS<br \/>\nTel\u00e8fon: 971650609<br \/>\nMail: administracio@huguetmallorca.com<\/p>\n<h3>FINALITATS<\/h3>\n<ul>\n<li>Relaci\u00f3 contractual existent. En el cas que celebri amb nosaltres qualsevol tipus de contracte o subsisteixi una relaci\u00f3 jur\u00eddica vinculant amb l&#8217;empresa, caldr\u00e0 tractar les dades personals per a procedir al seu compliment, gestionar i \/ o prestar de forma correcta i adequada el servei i \/ o el b\u00e9 objecte del contracte.<\/li>\n<li>Relaci\u00f3 precontractual existent. \u00c9s possible que sigui necessari tractar les seves dades personals per a l&#8217;execuci\u00f3 de mesures precontractuals en qu\u00e8 vost\u00e8 sigui part.<\/li>\n<li>Gesti\u00f3 administrativa, comptable i fiscal. En el cas que adquireixi els nostres productes i \/ o contracti els nostres serveis ser\u00e0 necessari tractar les seves dades per domiciliar comptes, enviar factures, etc.<\/li>\n<li>Respondre a consultes realitzades. Per gestionar les consultes plantejades per vost\u00e8 a trav\u00e9s dels formularis web consulta \/ per a m\u00e9s informaci\u00f3.<\/li>\n<li>Realitzar processos de selecci\u00f3. Per gestionar els processos de selecci\u00f3 de personal realitzats a l&#8217;empresa als quals s&#8217;ha postulat enviant el seu Curr\u00edculum Vitae i \/ o carta de presentaci\u00f3 a trav\u00e9s del formulari &#8220;treballa amb nosaltres&#8221;.<\/li>\n<li>Enviament de comunicacions. Quan es doni el cas i la prestaci\u00f3 del servei contractat ho requereixi, podrem enviar-li informaci\u00f3 relativa al servei contractat o b\u00e9 adquirit.<\/li>\n<li>Enviament de publicitat. Quan sigui el cas, i havent prestat el seu consentiment, tractarem les seves dades per a realitzar comunicacions comercials sobre b\u00e9ns i \/ o serveis relacionats amb l&#8217;empresa.<\/li>\n<li>Control inform\u00e0tic de la p\u00e0gina web. L&#8217;empresa podr\u00e0 realitzar tasques de vigil\u00e0ncia i manteniment necessaris respecte de la utilitzaci\u00f3 i control de la p\u00e0gina web per prevenir qualsevol violaci\u00f3 de la seguretat de les dades podent accedir a dades de car\u00e0cter personal de els interessats.<\/li>\n<li>Compliment d&#8217;una obligaci\u00f3 legal. En determinats casos, ser\u00e0 necessari tractar les seves dades per complir amb una obligaci\u00f3 legal, com per exemple, acatar els mandats judicials, els requeriments o ordres provinents d&#8217;organismes encarregats del compliment de la llei o altres autoritats o administracions p\u00fabliques i governamentals, fins i tot quan es trobin fora del seu pa\u00eds de resid\u00e8ncia. De la mateixa manera, podrem facilitar les seves dades personals per atendre les sol\u00b7licituds que aquests ens facin per a la prevenci\u00f3, detecci\u00f3 o investigaci\u00f3 d&#8217;un delicte o una altra infracci\u00f3 de l&#8217;ordenament jur\u00eddic.<\/li>\n<li>Per inter\u00e8s leg\u00edtim d&#8217;empresa. Caldr\u00e0 tractar les seves dades per a configurar i administrar el seu compte, per prestar-li assist\u00e8ncia t\u00e8cnica, verificar la seva identitat, o la informaci\u00f3 que ens faciliti per a la prestaci\u00f3 del servei subscrit aix\u00ed com, per administrar les seves dades i facilitar-los a prove\u00efdors externs per al correcte funcionament de nostre negoci. En determinats casos, tractarem les dades personals per millorar els nostres serveis, oferir continguts personalitzats si \u00e9s el cas, i millorar l&#8217;experi\u00e8ncia en la navegaci\u00f3 i \u00fas de la p\u00e0gina web, aix\u00ed com, enviar comunicacions en relaci\u00f3 a enquestes o sondejos en els quals vulgui participar o complir amb els nostres requisits d&#8217;auditories internes o externes, si s&#8217;escau. De la mateixa manera, ser\u00e0 necessari l&#8217;\u00fas d&#8217;aquests per protegir els nostres drets o respondre davant reclamacions de qualsevol \u00edndole.<\/li>\n<li>Quan obtenim el seu consentiment. En determinats casos, podrem utilitzar les seves dades per a finalitats diferents a les esmentades, sempre que ens doni el seu consentiment de manera a\u00efllada, clara i inequ\u00edvoca.<\/li>\n<li>Per a fins de m\u00e0rqueting i esdeveniments. En determinades ocasions, l&#8217;empresa utilitzar\u00e0 les dades personals facilitades per a l&#8217;enviament de comunicacions de m\u00e0rqueting i esdeveniments a trav\u00e9s de diverses plataformes. No obstant aix\u00f2, demanarem el consentiment de forma expl\u00edcita quan aix\u00ed ho exigeixi la llei. En el cas de rebre aquesta classe de comunicacions, complirem amb el deure d&#8217;informar sobre com donar-se de baixa.<\/li>\n<\/ul>\n<h3>CONSERVACI\u00d3<\/h3>\n<p>Terminis o criteris de conservaci\u00f3 de les dades:<br \/>\nLes dades personals proporcionades es conservessin mentre es mantingui la relaci\u00f3 amb l&#8217;entitat i no se sol\u00b7licita la seua supressi\u00f3 per l&#8217;interessat, seran conservats conforme als terminis legals establits en mat\u00e8ria fiscal i comptable, prenent com a refer\u00e8ncia l&#8217;\u00faltima comunicaci\u00f3.<\/p>\n<h3>DECISIONS<\/h3>\n<p>Decisions automatitzades, perfils i l\u00f2gica aplicada:<\/p>\n<p>L&#8217;empresa NO prendr\u00e0 decisions automatitzades, perfils o l\u00f2gica aplicada a les seues dades.<\/p>\n<h3>LEGITIMACI\u00d3<\/h3>\n<p>Legitimaci\u00f3 per execuci\u00f3 d&#8217;un contracte:<\/p>\n<p>A causa que el tractament \u00e9s necessari per a l&#8217;execuci\u00f3 d&#8217;un contracte mercantil, en el qual vost\u00e8 \u00e9s part , es fa constar que el tipus de contracte que es tracta, \u00e9s el citat contracte mercantil o la relaci\u00f3 precontractual.<\/p>\n<p>Com la comunicaci\u00f3 de dades personals \u00e9s un requisit legal o contractual i un requisit necessari per a subscriure el citat contracte, s&#8217;informa a l&#8217;interessat que est\u00e0 obligat a facilitar les dades personals, i aix\u00ed mateix que les conseq\u00fc\u00e8ncies de no fer-ho poden suposar la no prestaci\u00f3 del servei sol\u00b7licitat.<\/p>\n<h3>DESTINATARIS<\/h3>\n<p>Durant el per\u00edode de durada del tractament, BANDA I ESCOLA DE MUSICA DE SA POBLA no realitzar\u00e0 cap cessi\u00f3, excepte obligaci\u00f3 legal, ni tampoc transfer\u00e8ncia alguna.<\/p>\n<h3>DRETS<\/h3>\n<p>L&#8217;interessat pot exercir els seg\u00fcents drets:<br \/>\nDret a sol\u00b7licitar l&#8217;acc\u00e9s a les seues dades personals.<br \/>\nDret a sol\u00b7licitar la seua rectificaci\u00f3 o supressi\u00f3.<br \/>\nDret a sol\u00b7licitar la limitaci\u00f3 del seu tractament.<br \/>\nDret a oposar-se al tractament.<br \/>\nDret a la portabilitat de les dades.<br \/>\nDret a retirar el consentiment prestat.<br \/>\nDret a no ser objecte d&#8217;una decisi\u00f3 basada \u00fanicament en un tractament automatitzat, incl\u00f2s l&#8217;elaboraci\u00f3 de perfils.<br \/>\nDret a presentar una reclamaci\u00f3 davant l&#8217;Autoritat de Control.<\/p>\n<p>Qualsevol persona t\u00e9 dret a obtenir confirmaci\u00f3 sobre si en l&#8217;Entitat estem tractant dades personals que els concerneixin, o no. Les persones interessades tenen dret a accedir a les seues dades personals, aix\u00ed com a sol\u00b7licitar la rectificaci\u00f3 de les dades inexactes o, si escau, sol\u00b7licitar la seua supressi\u00f3 quan, entre altres motius, es dades ja no siguin necessaris per a les finalitats que van ser recollits.<\/p>\n<p>En determinades circumst\u00e0ncies, els interessats podran sol\u00b7licitar la limitaci\u00f3 del tractament de les seues dades, en aquest cas \u00fanicament els conservarem per a l&#8217;exercici o la defensa de reclamacions. En determinades circumst\u00e0ncies i per motius relacionats amb la seua situaci\u00f3 particular, els interessats podran oposar-se al tractament de les seues dades. En aquest cas, l&#8217;entitat, deixar\u00e0 de tractar les dades, salve per motius leg\u00edtims imperiosos, o l&#8217;exercici o la defensa de possibles reclamacions.<\/p>\n<p>Si ha atorgat el seu consentiment per a alguna finalitat concreta, t\u00e9 dret a retirar el consentiment atorgat en qualsevol moment, sense que a\u00e7\u00f2 afecte a la licitud del tractament basat en el consentiment previ a la seua retirada.<\/p>\n<p>Per a a\u00e7\u00f2 podr\u00e0 emprar els formularis habilitats per l&#8217;empresa, o b\u00e9 dirigir un escrit a HUGUET RAJOLES HIDRAULIQUES SL, &#8211; CIF: B07932429 Dir. Postal: CAMINO VELL DE CIUTAT N\u00ba 33, 07630, CAMPOS, ILLES BALEARS tamb\u00e9 pot enviar un mail a: administracio@huguetmallorca.com<\/p>\n<p>En cas que senti vulnerats els seus drets pel que concerneix la protecci\u00f3 de les seues dades personals, especialment quan no haja obtingut satisfacci\u00f3 en l&#8217;exercici dels seus drets, pot presentar una reclamaci\u00f3 davant l&#8217;Autoritat de Control en mat\u00e8ria de Protecci\u00f3 de Dades competent a trav\u00e9s del seu lloc web: www.agpd.es<\/p>\n<p>En compliment del previngut en l&#8217;article 21 de la Llei 34\/2002 de serveis de la societat de la informaci\u00f3 i comer\u00e7 electr\u00f2nic, si vost\u00e8 no desitja rebre m\u00e9s informaci\u00f3 sobre els nostres serveis, pot donar-se de baixa en la seg\u00fcent adre\u00e7a de correu electr\u00f2nic de l&#8217;entitat, indicant en l&#8217;assumpte &#8220;No enviar correus&#8221;.<\/p>\n<h3>PROCED\u00c8NCIA DE LES DADES<\/h3>\n<p>Les dades personals que tractem en BANDA I ESCOLA DE MUSICA DE SA POBLA procedeixen:<\/p>\n<p>Directament de l&#8217;interessat o el seu representant legal.<\/p>\n<p>Quan l&#8217;usuari facilita les seves dades de car\u00e0cter personal a trav\u00e9s dels formularis web d&#8217;inscripci\u00f3, de contacte o sol\u00b7licitud d&#8217;informaci\u00f3 recollits i incorporats a la p\u00e0gina web.<br \/>\nQuan l&#8217;usuari s&#8217;inscriu i presta el consentiment al tractament de les dades personals en algun dels programes o aplicacions titularitat de l&#8217;empresa (tot i que aquests siguin a t\u00edtol gratu\u00eft).<\/p>\n<p>En determinats casos podem recopilar informaci\u00f3 personal procedent de tercers com ara; una entitat o organitzaci\u00f3 a la qual pertanyi que li faciliti acc\u00e9s als nostres serveis, socis comercials i prove\u00efdors de serveis que treballen amb nosaltres en relaci\u00f3 amb la seva activitat, altres fonts disponibles com llocs web p\u00fablics, bases de dades obertes del govern o altres dades de domini p\u00fablic.<\/p>\n<p>A trav\u00e9s de cookies i tecnologies similars incloses en els nostres serveis. Per accedir a m\u00e9s informaci\u00f3 sobre cookies i com controlar el seu \u00fas, accedeixi a la nostra pol\u00edtica de cookies. (Redirigir a la pol\u00edtica de cookies). (Cal afegir aquest apartat en el cas que la p\u00e0gina web utilitzi cookies).<\/p>\n<p>Les categories de dades que es tracten s\u00f3n:<\/p>\n<p>Dades d&#8217;identificaci\u00f3<br \/>\nCodis o claus d&#8217;identificaci\u00f3<br \/>\nAdreces postals o electr\u00f2niques<br \/>\nInformaci\u00f3 comercial<br \/>\nDades econ\u00f2miques<br \/>\nNo es tracten dades especialment protegides.<\/p>\n<p>[\/vc_column_text][\/vc_column_inner][vc_column_inner width=&#8221;1\/3&#8243; css=&#8221;.vc_custom_1476011431617{padding-right: 0px !important;padding-left: 0px !important;background-position: center !important;background-repeat: no-repeat !important;background-size: cover !important;}&#8221;][\/vc_column_inner][\/vc_row_inner][\/vc_column][vc_column width=&#8221;1\/12&#8243;][\/vc_column][\/vc_row]<\/p>","protected":false},"excerpt":{"rendered":"<p>[vc_row content_placement=&#8221;top&#8221; el_class=&#8221;images&#8221;][\/vc_row][vc_row content_placement=&#8221;top&#8221; el_class=&#8221;images&#8221;][vc_column width=&#8221;1\/12&#8243;][\/vc_column][vc_column width=&#8221;10\/12&#8243; el_class=&#8221;box_select_mosaico&#8221;][vc_row_inner equal_height=&#8221;yes&#8221;][vc_column_inner width=&#8221;1\/3&#8243; css=&#8221;.vc_custom_1463924477334{padding-right: 0px !important;padding-left: 0px !important;}&#8221;][vc_single_image image=&#8221;362&#8243; onclick=&#8221;custom_link&#8221; link=&#8221;http:\/\/huguetmallorca.com\/&#8221; el_class=&#8221;logo&#8221;][\/vc_column_inner][vc_column_inner el_class=&#8221;center_col&#8221; width=&#8221;1\/3&#8243; css=&#8221;.vc_custom_1461146933500{padding-right: 0px !important;padding-left: 0px !important;}&#8221;][vc_wp_custommenu nav_menu=&#8221;2&#8243;][\/vc_column_inner][vc_column_inner width=&#8221;1\/3&#8243; css=&#8221;.vc_custom_1463925001550{padding-right: 0px !important;padding-left: 0px !important;background-position: center !important;background-repeat: no-repeat !important;background-size: cover !important;}&#8221;][\/vc_column_inner][\/vc_row_inner][\/vc_column][vc_column width=&#8221;1\/12&#8243;][\/vc_column][\/vc_row][vc_row content_placement=&#8221;top&#8221; el_class=&#8221;images&#8221;][vc_column width=&#8221;1\/12&#8243;][\/vc_column][vc_column width=&#8221;10\/12&#8243;][vc_row_inner equal_height=&#8221;yes&#8221; el_class=&#8221;box-aside&#8221;][vc_column_inner el_class=&#8221;texto&#8211;extenso&#8221; width=&#8221;2\/3&#8243; css=&#8221;.vc_custom_1613738769909{padding-right: 0px !important;padding-left: 0px !important;}&#8221;][vc_column_text] Pol\u00edtica de [&hellip;]<\/p>\n","protected":false},"author":7,"featured_media":0,"parent":0,"menu_order":-1,"comment_status":"closed","ping_status":"closed","template":"","meta":{"footnotes":""},"categories":[],"tags":[],"class_list":["post-11905","page","type-page","status-publish","hentry"],"yoast_head":"<!-- This site is optimized with the Yoast SEO plugin v20.0 - https:\/\/yoast.com\/wordpress\/plugins\/seo\/ -->\n<title>Pol\u00edtica de privadesa | HUGUET<\/title>\n<meta name=\"robots\" content=\"index, follow, max-snippet:-1, max-image-preview:large, max-video-preview:-1\" \/>\n<link rel=\"canonical\" href=\"https:\/\/huguetmallorca.com\/ca\/politica-de-privacidad\/\" \/>\n<meta property=\"og:locale\" content=\"ca_ES\" \/>\n<meta property=\"og:type\" content=\"article\" \/>\n<meta property=\"og:title\" content=\"Pol\u00edtica de privadesa | HUGUET\" \/>\n<meta property=\"og:description\" content=\"[vc_row content_placement=&#8221;top&#8221; el_class=&#8221;images&#8221;][\/vc_row][vc_row content_placement=&#8221;top&#8221; el_class=&#8221;images&#8221;][vc_column width=&#8221;1\/12&#8243;][\/vc_column][vc_column width=&#8221;10\/12&#8243; el_class=&#8221;box_select_mosaico&#8221;][vc_row_inner equal_height=&#8221;yes&#8221;][vc_column_inner width=&#8221;1\/3&#8243; css=&#8221;.vc_custom_1463924477334{padding-right: 0px !important;padding-left: 0px !important;}&#8221;][vc_single_image image=&#8221;362&#8243; onclick=&#8221;custom_link&#8221; link=&#8221;http:\/\/huguetmallorca.com\/&#8221; el_class=&#8221;logo&#8221;][\/vc_column_inner][vc_column_inner el_class=&#8221;center_col&#8221; width=&#8221;1\/3&#8243; css=&#8221;.vc_custom_1461146933500{padding-right: 0px !important;padding-left: 0px !important;}&#8221;][vc_wp_custommenu nav_menu=&#8221;2&#8243;][\/vc_column_inner][vc_column_inner width=&#8221;1\/3&#8243; css=&#8221;.vc_custom_1463925001550{padding-right: 0px !important;padding-left: 0px !important;background-position: center !important;background-repeat: no-repeat !important;background-size: cover !important;}&#8221;][\/vc_column_inner][\/vc_row_inner][\/vc_column][vc_column width=&#8221;1\/12&#8243;][\/vc_column][\/vc_row][vc_row content_placement=&#8221;top&#8221; el_class=&#8221;images&#8221;][vc_column width=&#8221;1\/12&#8243;][\/vc_column][vc_column width=&#8221;10\/12&#8243;][vc_row_inner equal_height=&#8221;yes&#8221; el_class=&#8221;box-aside&#8221;][vc_column_inner el_class=&#8221;texto&#8211;extenso&#8221; width=&#8221;2\/3&#8243; css=&#8221;.vc_custom_1613738769909{padding-right: 0px !important;padding-left: 0px !important;}&#8221;][vc_column_text] Pol\u00edtica de [&hellip;]\" \/>\n<meta property=\"og:url\" content=\"https:\/\/huguetmallorca.com\/ca\/politica-de-privacidad\/\" \/>\n<meta property=\"og:site_name\" content=\"HUGUET\" \/>\n<meta property=\"article:publisher\" content=\"https:\/\/www.facebook.com\/huguetmallorca\/\" \/>\n<meta property=\"article:modified_time\" content=\"2021-04-20T20:56:56+00:00\" \/>\n<meta name=\"twitter:card\" content=\"summary_large_image\" \/>\n<meta name=\"twitter:site\" content=\"@huguetmallorca\" \/>\n<meta name=\"twitter:label1\" content=\"Temps estimat de lectura\" \/>\n\t<meta name=\"twitter:data1\" content=\"22 minuts\" \/>\n<script type=\"application\/ld+json\" class=\"yoast-schema-graph\">{\"@context\":\"https:\/\/schema.org\",\"@graph\":[{\"@type\":\"WebPage\",\"@id\":\"https:\/\/huguetmallorca.com\/ca\/politica-de-privacidad\/\",\"url\":\"https:\/\/huguetmallorca.com\/ca\/politica-de-privacidad\/\",\"name\":\"Pol\u00edtica de privadesa | HUGUET\",\"isPartOf\":{\"@id\":\"https:\/\/huguetmallorca.com\/ca\/#website\"},\"datePublished\":\"2021-04-19T07:48:08+00:00\",\"dateModified\":\"2021-04-20T20:56:56+00:00\",\"breadcrumb\":{\"@id\":\"https:\/\/huguetmallorca.com\/ca\/politica-de-privacidad\/#breadcrumb\"},\"inLanguage\":\"ca\",\"potentialAction\":[{\"@type\":\"ReadAction\",\"target\":[[\"https:\/\/huguetmallorca.com\/ca\/politica-de-privacidad\/\"]]}]},{\"@type\":\"BreadcrumbList\",\"@id\":\"https:\/\/huguetmallorca.com\/ca\/politica-de-privacidad\/#breadcrumb\",\"itemListElement\":[{\"@type\":\"ListItem\",\"position\":1,\"name\":\"Portada\",\"item\":\"https:\/\/huguetmallorca.com\/ca\/\"},{\"@type\":\"ListItem\",\"position\":2,\"name\":\"Pol\u00edtica de privacidad\"}]},{\"@type\":\"WebSite\",\"@id\":\"https:\/\/huguetmallorca.com\/ca\/#website\",\"url\":\"https:\/\/huguetmallorca.com\/ca\/\",\"name\":\"HUGUET\",\"description\":\"\",\"potentialAction\":[{\"@type\":\"SearchAction\",\"target\":{\"@type\":\"EntryPoint\",\"urlTemplate\":\"https:\/\/huguetmallorca.com\/ca\/?s={search_term_string}\"},\"query-input\":\"required name=search_term_string\"}],\"inLanguage\":\"ca\"}]}<\/script>\n<!-- \/ Yoast SEO plugin. -->","yoast_head_json":{"title":"Pol\u00edtica de privadesa | HUGUET","robots":{"index":"index","follow":"follow","max-snippet":"max-snippet:-1","max-image-preview":"max-image-preview:large","max-video-preview":"max-video-preview:-1"},"canonical":"https:\/\/huguetmallorca.com\/ca\/politica-de-privacidad\/","og_locale":"ca_ES","og_type":"article","og_title":"Pol\u00edtica de privadesa | HUGUET","og_description":"[vc_row content_placement=&#8221;top&#8221; el_class=&#8221;images&#8221;][\/vc_row][vc_row content_placement=&#8221;top&#8221; el_class=&#8221;images&#8221;][vc_column width=&#8221;1\/12&#8243;][\/vc_column][vc_column width=&#8221;10\/12&#8243; el_class=&#8221;box_select_mosaico&#8221;][vc_row_inner equal_height=&#8221;yes&#8221;][vc_column_inner width=&#8221;1\/3&#8243; css=&#8221;.vc_custom_1463924477334{padding-right: 0px !important;padding-left: 0px !important;}&#8221;][vc_single_image image=&#8221;362&#8243; onclick=&#8221;custom_link&#8221; link=&#8221;http:\/\/huguetmallorca.com\/&#8221; el_class=&#8221;logo&#8221;][\/vc_column_inner][vc_column_inner el_class=&#8221;center_col&#8221; width=&#8221;1\/3&#8243; css=&#8221;.vc_custom_1461146933500{padding-right: 0px !important;padding-left: 0px !important;}&#8221;][vc_wp_custommenu nav_menu=&#8221;2&#8243;][\/vc_column_inner][vc_column_inner width=&#8221;1\/3&#8243; css=&#8221;.vc_custom_1463925001550{padding-right: 0px !important;padding-left: 0px !important;background-position: center !important;background-repeat: no-repeat !important;background-size: cover !important;}&#8221;][\/vc_column_inner][\/vc_row_inner][\/vc_column][vc_column width=&#8221;1\/12&#8243;][\/vc_column][\/vc_row][vc_row content_placement=&#8221;top&#8221; el_class=&#8221;images&#8221;][vc_column width=&#8221;1\/12&#8243;][\/vc_column][vc_column width=&#8221;10\/12&#8243;][vc_row_inner equal_height=&#8221;yes&#8221; el_class=&#8221;box-aside&#8221;][vc_column_inner el_class=&#8221;texto&#8211;extenso&#8221; width=&#8221;2\/3&#8243; css=&#8221;.vc_custom_1613738769909{padding-right: 0px !important;padding-left: 0px !important;}&#8221;][vc_column_text] Pol\u00edtica de [&hellip;]","og_url":"https:\/\/huguetmallorca.com\/ca\/politica-de-privacidad\/","og_site_name":"HUGUET","article_publisher":"https:\/\/www.facebook.com\/huguetmallorca\/","article_modified_time":"2021-04-20T20:56:56+00:00","twitter_card":"summary_large_image","twitter_site":"@huguetmallorca","twitter_misc":{"Temps estimat de lectura":"22 minuts"},"schema":{"@context":"https:\/\/schema.org","@graph":[{"@type":"WebPage","@id":"https:\/\/huguetmallorca.com\/ca\/politica-de-privacidad\/","url":"https:\/\/huguetmallorca.com\/ca\/politica-de-privacidad\/","name":"Pol\u00edtica de privadesa | HUGUET","isPartOf":{"@id":"https:\/\/huguetmallorca.com\/ca\/#website"},"datePublished":"2021-04-19T07:48:08+00:00","dateModified":"2021-04-20T20:56:56+00:00","breadcrumb":{"@id":"https:\/\/huguetmallorca.com\/ca\/politica-de-privacidad\/#breadcrumb"},"inLanguage":"ca","potentialAction":[{"@type":"ReadAction","target":[["https:\/\/huguetmallorca.com\/ca\/politica-de-privacidad\/"]]}]},{"@type":"BreadcrumbList","@id":"https:\/\/huguetmallorca.com\/ca\/politica-de-privacidad\/#breadcrumb","itemListElement":[{"@type":"ListItem","position":1,"name":"Portada","item":"https:\/\/huguetmallorca.com\/ca\/"},{"@type":"ListItem","position":2,"name":"Pol\u00edtica de privacidad"}]},{"@type":"WebSite","@id":"https:\/\/huguetmallorca.com\/ca\/#website","url":"https:\/\/huguetmallorca.com\/ca\/","name":"HUGUET","description":"","potentialAction":[{"@type":"SearchAction","target":{"@type":"EntryPoint","urlTemplate":"https:\/\/huguetmallorca.com\/ca\/?s={search_term_string}"},"query-input":"required name=search_term_string"}],"inLanguage":"ca"}]}},"_links":{"self":[{"href":"https:\/\/huguetmallorca.com\/ca\/wp-json\/wp\/v2\/pages\/11905","targetHints":{"allow":["GET"]}}],"collection":[{"href":"https:\/\/huguetmallorca.com\/ca\/wp-json\/wp\/v2\/pages"}],"about":[{"href":"https:\/\/huguetmallorca.com\/ca\/wp-json\/wp\/v2\/types\/page"}],"author":[{"embeddable":true,"href":"https:\/\/huguetmallorca.com\/ca\/wp-json\/wp\/v2\/users\/7"}],"replies":[{"embeddable":true,"href":"https:\/\/huguetmallorca.com\/ca\/wp-json\/wp\/v2\/comments?post=11905"}],"version-history":[{"count":2,"href":"https:\/\/huguetmallorca.com\/ca\/wp-json\/wp\/v2\/pages\/11905\/revisions"}],"predecessor-version":[{"id":11932,"href":"https:\/\/huguetmallorca.com\/ca\/wp-json\/wp\/v2\/pages\/11905\/revisions\/11932"}],"wp:attachment":[{"href":"https:\/\/huguetmallorca.com\/ca\/wp-json\/wp\/v2\/media?parent=11905"}],"wp:term":[{"taxonomy":"category","embeddable":true,"href":"https:\/\/huguetmallorca.com\/ca\/wp-json\/wp\/v2\/categories?post=11905"},{"taxonomy":"post_tag","embeddable":true,"href":"https:\/\/huguetmallorca.com\/ca\/wp-json\/wp\/v2\/tags?post=11905"}],"curies":[{"name":"wp","href":"https:\/\/api.w.org\/{rel}","templated":true}]}}