{"id":2,"date":"2016-04-18T17:06:10","date_gmt":"2016-04-18T17:06:10","guid":{"rendered":"http:\/?page_id=2"},"modified":"2025-09-05T10:06:56","modified_gmt":"2025-09-05T10:06:56","slug":"huguet","status":"publish","type":"page","link":"https:\/\/huguetmallorca.com\/ca\/","title":{"rendered":"Home"},"content":{"rendered":"<p>[vc_row content_placement=&#8221;top&#8221; el_class=&#8221;images&#8221;][vc_column width=&#8221;1\/12&#8243;][\/vc_column][vc_column width=&#8221;10\/12&#8243; el_class=&#8221;box_select_mosaico&#8221;][vc_row_inner equal_height=&#8221;yes&#8221;][vc_column_inner width=&#8221;1\/3&#8243; css=&#8221;.vc_custom_1463924477334{padding-right: 0px !important;padding-left: 0px !important;}&#8221;][vc_raw_html]JTNDZGl2JTIwY2xhc3MlM0QlMjJ3cGJfc2luZ2xlX2ltYWdlJTIwd3BiX2NvbnRlbnRfZWxlbWVudCUyMHZjX2FsaWduX2xlZnQlMjAlMjAlMjBsb2dvJTIyJTNFJTBBJTA5JTA5JTBBJTA5JTA5JTNDZmlndXJlJTIwY2xhc3MlM0QlMjJ3cGJfd3JhcHBlciUyMHZjX2ZpZ3VyZSUyMiUzRSUwQSUwOSUwOSUwOSUzQ2ElMjBocmVmJTNEJTIyJTJGJTIyJTIwdGFyZ2V0JTNEJTIyX3NlbGYlMjIlMjBjbGFzcyUzRCUyMnZjX3NpbmdsZV9pbWFnZS13cmFwcGVyJTIwJTIwJTIwdmNfYm94X2JvcmRlcl9ncmV5JTIyJTNFJTNDJTJGYSUzRSUwQSUwOSUwOSUzQyUyRmZpZ3VyZSUzRSUwQSUwOSUzQyUyRmRpdiUzRQ==[\/vc_raw_html][\/vc_column_inner][vc_column_inner el_class=&#8221;center_col&#8221; width=&#8221;1\/3&#8243; css=&#8221;.vc_custom_1461146933500{padding-right: 0px !important;padding-left: 0px !important;}&#8221;][vc_wp_custommenu nav_menu=&#8221;2&#8243;][\/vc_column_inner][vc_column_inner width=&#8221;1\/3&#8243; css=&#8221;.vc_custom_1463925001550{padding-right: 0px !important;padding-left: 0px !important;background-position: center !important;background-repeat: no-repeat !important;background-size: cover !important;}&#8221;][vc_column_text css_animation=&#8221;none&#8221; el_class=&#8221;box_model&#8221;]A Huguet, ens especialitzam en la fabricaci\u00f3 de rajoles i elements arquitect\u00f2nics fets a m\u00e0 i personalitzats. Combinam t\u00e8cniques tradicionals amb un disseny modern, oferint tant productes est\u00e0ndard com solucions a mida. Treballam estretament amb dissenyadors i arquitectes per desenvolupar peces \u00faniques que destaquen pel seu ofici i el comprom\u00eds amb la sostenibilitat.<\/p>\n<p>Despr\u00e9s de molts mesos d\u2019investigaci\u00f3, proves i moltes converses amb persones molt inspiradores, estam especialment il\u00b7lusionats de presentar les rajoles de terra compactada. No existeix el material perfecte, per\u00f2 aquest, sens dubte, presenta un equilibri entre les diferents variables que consideram m\u00e9s importants, cosa que el converteix en una opci\u00f3 excepcional. Les rajoles de terra compactada s\u00f3n la nostra manera d\u2019actualitzar una tradici\u00f3 centen\u00e0ria i de crear peces \u00faniques a partir de materials humils.[\/vc_column_text][\/vc_column_inner][\/vc_row_inner][\/vc_column][vc_column width=&#8221;1\/12&#8243;][\/vc_column][\/vc_row][vc_row content_placement=&#8221;top&#8221; el_class=&#8221;images&#8221;][vc_column width=&#8221;1\/12&#8243;][\/vc_column][vc_column width=&#8221;10\/12&#8243;][vc_row_inner equal_height=&#8221;yes&#8221;][vc_column_inner width=&#8221;1\/3&#8243; css=&#8221;.vc_custom_1463937850046{padding-right: 0px !important;padding-left: 0px !important;}&#8221;][vc_single_image image=&#8221;18108&#8243; img_size=&#8221;full&#8221; onclick=&#8221;custom_link&#8221; img_link_target=&#8221;_blank&#8221; link=&#8221;https:\/\/huguetmallorca.com\/shop\/ca\/home\/&#8221;][\/vc_column_inner][vc_column_inner width=&#8221;1\/3&#8243; css=&#8221;.vc_custom_1463937842406{padding-right: 0px !important;padding-left: 0px !important;}&#8221;][vc_single_image image=&#8221;18096&#8243; img_size=&#8221;full&#8221; onclick=&#8221;custom_link&#8221; img_link_target=&#8221;_blank&#8221; link=&#8221;https:\/\/huguetmallorca.com\/shop\/ca\/home\/&#8221;][\/vc_column_inner][vc_column_inner width=&#8221;1\/3&#8243; css=&#8221;.vc_custom_1463944067629{padding-right: 0px !important;padding-left: 0px !important;background-position: center !important;background-repeat: no-repeat !important;background-size: cover !important;}&#8221;][vc_single_image image=&#8221;18102&#8243; img_size=&#8221;full&#8221; onclick=&#8221;custom_link&#8221; img_link_target=&#8221;_blank&#8221; link=&#8221;https:\/\/huguetmallorca.com\/shop\/ca\/home\/&#8221;][\/vc_column_inner][\/vc_row_inner][\/vc_column][vc_column width=&#8221;1\/12&#8243;][\/vc_column][\/vc_row]<\/p>","protected":false},"excerpt":{"rendered":"<p>[vc_row content_placement=&#8221;top&#8221; el_class=&#8221;images&#8221;][vc_column width=&#8221;1\/12&#8243;][\/vc_column][vc_column width=&#8221;10\/12&#8243; el_class=&#8221;box_select_mosaico&#8221;][vc_row_inner equal_height=&#8221;yes&#8221;][vc_column_inner width=&#8221;1\/3&#8243; css=&#8221;.vc_custom_1463924477334{padding-right: 0px !important;padding-left: 0px !important;}&#8221;][vc_raw_html]JTNDZGl2JTIwY2xhc3MlM0QlMjJ3cGJfc2luZ2xlX2ltYWdlJTIwd3BiX2NvbnRlbnRfZWxlbWVudCUyMHZjX2FsaWduX2xlZnQlMjAlMjAlMjBsb2dvJTIyJTNFJTBBJTA5JTA5JTBBJTA5JTA5JTNDZmlndXJlJTIwY2xhc3MlM0QlMjJ3cGJfd3JhcHBlciUyMHZjX2ZpZ3VyZSUyMiUzRSUwQSUwOSUwOSUwOSUzQ2ElMjBocmVmJTNEJTIyJTJGJTIyJTIwdGFyZ2V0JTNEJTIyX3NlbGYlMjIlMjBjbGFzcyUzRCUyMnZjX3NpbmdsZV9pbWFnZS13cmFwcGVyJTIwJTIwJTIwdmNfYm94X2JvcmRlcl9ncmV5JTIyJTNFJTNDJTJGYSUzRSUwQSUwOSUwOSUzQyUyRmZpZ3VyZSUzRSUwQSUwOSUzQyUyRmRpdiUzRQ==[\/vc_raw_html][\/vc_column_inner][vc_column_inner el_class=&#8221;center_col&#8221; width=&#8221;1\/3&#8243; css=&#8221;.vc_custom_1461146933500{padding-right: 0px !important;padding-left: 0px !important;}&#8221;][vc_wp_custommenu nav_menu=&#8221;2&#8243;][\/vc_column_inner][vc_column_inner width=&#8221;1\/3&#8243; css=&#8221;.vc_custom_1463925001550{padding-right: 0px !important;padding-left: 0px !important;background-position: center !important;background-repeat: no-repeat !important;background-size: cover !important;}&#8221;][vc_column_text css_animation=&#8221;none&#8221; el_class=&#8221;box_model&#8221;]A Huguet, ens especialitzam en la fabricaci\u00f3 de rajoles i elements arquitect\u00f2nics fets a m\u00e0 i personalitzats. Combinam t\u00e8cniques tradicionals amb [&hellip;]<\/p>\n","protected":false},"author":1,"featured_media":17756,"parent":0,"menu_order":0,"comment_status":"closed","ping_status":"open","template":"","meta":{"footnotes":""},"categories":[],"tags":[],"class_list":["post-2","page","type-page","status-publish","has-post-thumbnail","hentry"],"yoast_head":"<!-- This site is optimized with the Yoast SEO plugin v20.0 - https:\/\/yoast.com\/wordpress\/plugins\/seo\/ -->\n<title>Home | HUGUET<\/title>\n<meta name=\"description\" content=\"We manufacture hydraulic tiles for architecture through a balance between craftswork and innovation. We have a wide portfolio that we constantly customize..\" \/>\n<meta name=\"robots\" content=\"index, follow, max-snippet:-1, max-image-preview:large, max-video-preview:-1\" \/>\n<link rel=\"canonical\" href=\"https:\/\/huguetmallorca.com\/ca\/\" \/>\n<meta property=\"og:locale\" content=\"ca_ES\" \/>\n<meta property=\"og:type\" content=\"article\" \/>\n<meta property=\"og:title\" content=\"Home | HUGUET\" \/>\n<meta property=\"og:description\" content=\"We manufacture hydraulic tiles for architecture through a balance between craftswork and innovation. We have a wide portfolio that we constantly customize..\" \/>\n<meta property=\"og:url\" content=\"https:\/\/huguetmallorca.com\/ca\/\" \/>\n<meta property=\"og:site_name\" content=\"HUGUET\" \/>\n<meta property=\"article:publisher\" content=\"https:\/\/www.facebook.com\/huguetmallorca\/\" \/>\n<meta property=\"article:modified_time\" content=\"2025-09-05T10:06:56+00:00\" \/>\n<meta property=\"og:image\" content=\"https:\/\/huguetmallorca.com\/wp-content\/uploads\/2024\/10\/huguetmallorca_haberlicollection3-V2.jpg\" \/>\n\t<meta property=\"og:image:width\" content=\"960\" \/>\n\t<meta property=\"og:image:height\" content=\"1200\" \/>\n\t<meta property=\"og:image:type\" content=\"image\/jpeg\" \/>\n<meta name=\"twitter:card\" content=\"summary_large_image\" \/>\n<meta name=\"twitter:site\" content=\"@huguetmallorca\" \/>\n<meta name=\"twitter:label1\" content=\"Temps estimat de lectura\" \/>\n\t<meta name=\"twitter:data1\" content=\"1 minut\" \/>\n<script type=\"application\/ld+json\" class=\"yoast-schema-graph\">{\"@context\":\"https:\/\/schema.org\",\"@graph\":[{\"@type\":\"WebPage\",\"@id\":\"https:\/\/huguetmallorca.com\/ca\/\",\"url\":\"https:\/\/huguetmallorca.com\/ca\/\",\"name\":\"Home | HUGUET\",\"isPartOf\":{\"@id\":\"https:\/\/huguetmallorca.com\/ca\/#website\"},\"datePublished\":\"2016-04-18T17:06:10+00:00\",\"dateModified\":\"2025-09-05T10:06:56+00:00\",\"description\":\"We manufacture hydraulic tiles for architecture through a balance between craftswork and innovation. We have a wide portfolio that we constantly customize..\",\"breadcrumb\":{\"@id\":\"https:\/\/huguetmallorca.com\/ca\/#breadcrumb\"},\"inLanguage\":\"ca\",\"potentialAction\":[{\"@type\":\"ReadAction\",\"target\":[[\"https:\/\/huguetmallorca.com\/ca\/\"]]}]},{\"@type\":\"BreadcrumbList\",\"@id\":\"https:\/\/huguetmallorca.com\/ca\/#breadcrumb\",\"itemListElement\":[{\"@type\":\"ListItem\",\"position\":1,\"name\":\"Portada\",\"item\":\"https:\/\/huguetmallorca.com\/ca\/\"},{\"@type\":\"ListItem\",\"position\":2,\"name\":\"Home\"}]},{\"@type\":\"WebSite\",\"@id\":\"https:\/\/huguetmallorca.com\/ca\/#website\",\"url\":\"https:\/\/huguetmallorca.com\/ca\/\",\"name\":\"HUGUET\",\"description\":\"\",\"potentialAction\":[{\"@type\":\"SearchAction\",\"target\":{\"@type\":\"EntryPoint\",\"urlTemplate\":\"https:\/\/huguetmallorca.com\/ca\/?s={search_term_string}\"},\"query-input\":\"required name=search_term_string\"}],\"inLanguage\":\"ca\"}]}<\/script>\n<!-- \/ Yoast SEO plugin. -->","yoast_head_json":{"title":"Home | HUGUET","description":"We manufacture hydraulic tiles for architecture through a balance between craftswork and innovation. We have a wide portfolio that we constantly customize..","robots":{"index":"index","follow":"follow","max-snippet":"max-snippet:-1","max-image-preview":"max-image-preview:large","max-video-preview":"max-video-preview:-1"},"canonical":"https:\/\/huguetmallorca.com\/ca\/","og_locale":"ca_ES","og_type":"article","og_title":"Home | HUGUET","og_description":"We manufacture hydraulic tiles for architecture through a balance between craftswork and innovation. We have a wide portfolio that we constantly customize..","og_url":"https:\/\/huguetmallorca.com\/ca\/","og_site_name":"HUGUET","article_publisher":"https:\/\/www.facebook.com\/huguetmallorca\/","article_modified_time":"2025-09-05T10:06:56+00:00","og_image":[{"width":960,"height":1200,"url":"https:\/\/huguetmallorca.com\/wp-content\/uploads\/2024\/10\/huguetmallorca_haberlicollection3-V2.jpg","type":"image\/jpeg"}],"twitter_card":"summary_large_image","twitter_site":"@huguetmallorca","twitter_misc":{"Temps estimat de lectura":"1 minut"},"schema":{"@context":"https:\/\/schema.org","@graph":[{"@type":"WebPage","@id":"https:\/\/huguetmallorca.com\/ca\/","url":"https:\/\/huguetmallorca.com\/ca\/","name":"Home | HUGUET","isPartOf":{"@id":"https:\/\/huguetmallorca.com\/ca\/#website"},"datePublished":"2016-04-18T17:06:10+00:00","dateModified":"2025-09-05T10:06:56+00:00","description":"We manufacture hydraulic tiles for architecture through a balance between craftswork and innovation. We have a wide portfolio that we constantly customize..","breadcrumb":{"@id":"https:\/\/huguetmallorca.com\/ca\/#breadcrumb"},"inLanguage":"ca","potentialAction":[{"@type":"ReadAction","target":[["https:\/\/huguetmallorca.com\/ca\/"]]}]},{"@type":"BreadcrumbList","@id":"https:\/\/huguetmallorca.com\/ca\/#breadcrumb","itemListElement":[{"@type":"ListItem","position":1,"name":"Portada","item":"https:\/\/huguetmallorca.com\/ca\/"},{"@type":"ListItem","position":2,"name":"Home"}]},{"@type":"WebSite","@id":"https:\/\/huguetmallorca.com\/ca\/#website","url":"https:\/\/huguetmallorca.com\/ca\/","name":"HUGUET","description":"","potentialAction":[{"@type":"SearchAction","target":{"@type":"EntryPoint","urlTemplate":"https:\/\/huguetmallorca.com\/ca\/?s={search_term_string}"},"query-input":"required name=search_term_string"}],"inLanguage":"ca"}]}},"_links":{"self":[{"href":"https:\/\/huguetmallorca.com\/ca\/wp-json\/wp\/v2\/pages\/2","targetHints":{"allow":["GET"]}}],"collection":[{"href":"https:\/\/huguetmallorca.com\/ca\/wp-json\/wp\/v2\/pages"}],"about":[{"href":"https:\/\/huguetmallorca.com\/ca\/wp-json\/wp\/v2\/types\/page"}],"author":[{"embeddable":true,"href":"https:\/\/huguetmallorca.com\/ca\/wp-json\/wp\/v2\/users\/1"}],"replies":[{"embeddable":true,"href":"https:\/\/huguetmallorca.com\/ca\/wp-json\/wp\/v2\/comments?post=2"}],"version-history":[{"count":151,"href":"https:\/\/huguetmallorca.com\/ca\/wp-json\/wp\/v2\/pages\/2\/revisions"}],"predecessor-version":[{"id":18156,"href":"https:\/\/huguetmallorca.com\/ca\/wp-json\/wp\/v2\/pages\/2\/revisions\/18156"}],"wp:featuredmedia":[{"embeddable":true,"href":"https:\/\/huguetmallorca.com\/ca\/wp-json\/wp\/v2\/media\/17756"}],"wp:attachment":[{"href":"https:\/\/huguetmallorca.com\/ca\/wp-json\/wp\/v2\/media?parent=2"}],"wp:term":[{"taxonomy":"category","embeddable":true,"href":"https:\/\/huguetmallorca.com\/ca\/wp-json\/wp\/v2\/categories?post=2"},{"taxonomy":"post_tag","embeddable":true,"href":"https:\/\/huguetmallorca.com\/ca\/wp-json\/wp\/v2\/tags?post=2"}],"curies":[{"name":"wp","href":"https:\/\/api.w.org\/{rel}","templated":true}]}}