{"id":394,"date":"2016-05-22T17:40:42","date_gmt":"2016-05-22T17:40:42","guid":{"rendered":"http:\/\/huguetmallorca.com\/?page_id=394"},"modified":"2024-01-26T12:26:20","modified_gmt":"2024-01-26T12:26:20","slug":"history","status":"publish","type":"page","link":"https:\/\/huguetmallorca.com\/ca\/contact\/huguet\/history\/","title":{"rendered":"History"},"content":{"rendered":"<p>[vc_row content_placement=&#8221;top&#8221; el_class=&#8221;images&#8221;][vc_column width=&#8221;1\/12&#8243;][\/vc_column][vc_column width=&#8221;10\/12&#8243; el_class=&#8221;box_select_mosaico&#8221;][vc_row_inner equal_height=&#8221;yes&#8221;][vc_column_inner width=&#8221;1\/3&#8243; css=&#8221;.vc_custom_1463924477334{padding-right: 0px !important;padding-left: 0px !important;}&#8221;][vc_single_image image=&#8221;923&#8243; onclick=&#8221;custom_link&#8221; link=&#8221;\/&#8221; el_class=&#8221;logo&#8221;][\/vc_column_inner][vc_column_inner el_class=&#8221;center_col&#8221; width=&#8221;1\/3&#8243; css=&#8221;.vc_custom_1461146933500{padding-right: 0px !important;padding-left: 0px !important;}&#8221;][vc_wp_custommenu nav_menu=&#8221;2&#8243;][\/vc_column_inner][vc_column_inner width=&#8221;1\/3&#8243; css=&#8221;.vc_custom_1463925001550{padding-right: 0px !important;padding-left: 0px !important;background-position: center !important;background-repeat: no-repeat !important;background-size: cover !important;}&#8221;][vc_column_text el_class=&#8221;box_model&#8221;]En 1933 la fabrica Huguet era una m\u00e1s del centenar de f\u00e1bricas de baldosas hidr\u00e1ulicas que hab\u00eda en Mallorca.\u00a0En los a\u00f1os 80 la producci\u00f3n se centr\u00f3 en bigas y piezas de cemento.\u00a0En 1997 Biel Huguet, nieto del fundador de la f\u00e1brica y arquitecto t\u00e9cnico de formaci\u00f3n, volvi\u00f3 a recuperar las baldosas hidr\u00e1ulicas. Huguet apuesta por el dise\u00f1o, por la innovaci\u00f3n y por la arquitectura.[\/vc_column_text][\/vc_column_inner][\/vc_row_inner][\/vc_column][vc_column width=&#8221;1\/12&#8243;][\/vc_column][\/vc_row][vc_row content_placement=&#8221;top&#8221; el_class=&#8221;images&#8221;][vc_column el_class=&#8221;box_video&#8221;][vc_basic_grid post_type=&#8221;post&#8221; max_items=&#8221;3&#8243; gap=&#8221;0&#8243; grid_id=&#8221;vc_gid:1706271955996-1d334dca-ee24-3&#8243; taxonomies=&#8221;52&#8243;][\/vc_column][\/vc_row]<\/p>","protected":false},"excerpt":{"rendered":"<p>[vc_row content_placement=&#8221;top&#8221; el_class=&#8221;images&#8221;][vc_column width=&#8221;1\/12&#8243;][\/vc_column][vc_column width=&#8221;10\/12&#8243; el_class=&#8221;box_select_mosaico&#8221;][vc_row_inner equal_height=&#8221;yes&#8221;][vc_column_inner width=&#8221;1\/3&#8243; css=&#8221;.vc_custom_1463924477334{padding-right: 0px !important;padding-left: 0px !important;}&#8221;][vc_single_image image=&#8221;923&#8243; onclick=&#8221;custom_link&#8221; link=&#8221;\/&#8221; el_class=&#8221;logo&#8221;][\/vc_column_inner][vc_column_inner el_class=&#8221;center_col&#8221; width=&#8221;1\/3&#8243; css=&#8221;.vc_custom_1461146933500{padding-right: 0px !important;padding-left: 0px !important;}&#8221;][vc_wp_custommenu nav_menu=&#8221;2&#8243;][\/vc_column_inner][vc_column_inner width=&#8221;1\/3&#8243; css=&#8221;.vc_custom_1463925001550{padding-right: 0px !important;padding-left: 0px !important;background-position: center !important;background-repeat: no-repeat !important;background-size: cover !important;}&#8221;][vc_column_text el_class=&#8221;box_model&#8221;]En 1933 la fabrica Huguet era una m\u00e1s del centenar de f\u00e1bricas de baldosas hidr\u00e1ulicas que hab\u00eda en [&hellip;]<\/p>\n","protected":false},"author":1,"featured_media":17293,"parent":66,"menu_order":0,"comment_status":"closed","ping_status":"closed","template":"","meta":{"footnotes":""},"categories":[],"tags":[],"class_list":["post-394","page","type-page","status-publish","has-post-thumbnail","hentry"],"yoast_head":"<!-- This site is optimized with the Yoast SEO plugin v20.0 - https:\/\/yoast.com\/wordpress\/plugins\/seo\/ -->\n<title>History | HUGUET<\/title>\n<meta name=\"robots\" content=\"index, follow, max-snippet:-1, max-image-preview:large, max-video-preview:-1\" \/>\n<link rel=\"canonical\" href=\"https:\/\/huguetmallorca.com\/ca\/contact\/huguet\/history\/\" \/>\n<meta property=\"og:locale\" content=\"ca_ES\" \/>\n<meta property=\"og:type\" content=\"article\" \/>\n<meta property=\"og:title\" content=\"History | HUGUET\" \/>\n<meta property=\"og:description\" content=\"[vc_row content_placement=&#8221;top&#8221; el_class=&#8221;images&#8221;][vc_column width=&#8221;1\/12&#8243;][\/vc_column][vc_column width=&#8221;10\/12&#8243; el_class=&#8221;box_select_mosaico&#8221;][vc_row_inner equal_height=&#8221;yes&#8221;][vc_column_inner width=&#8221;1\/3&#8243; css=&#8221;.vc_custom_1463924477334{padding-right: 0px !important;padding-left: 0px !important;}&#8221;][vc_single_image image=&#8221;923&#8243; onclick=&#8221;custom_link&#8221; link=&#8221;\/&#8221; el_class=&#8221;logo&#8221;][\/vc_column_inner][vc_column_inner el_class=&#8221;center_col&#8221; width=&#8221;1\/3&#8243; css=&#8221;.vc_custom_1461146933500{padding-right: 0px !important;padding-left: 0px !important;}&#8221;][vc_wp_custommenu nav_menu=&#8221;2&#8243;][\/vc_column_inner][vc_column_inner width=&#8221;1\/3&#8243; css=&#8221;.vc_custom_1463925001550{padding-right: 0px !important;padding-left: 0px !important;background-position: center !important;background-repeat: no-repeat !important;background-size: cover !important;}&#8221;][vc_column_text el_class=&#8221;box_model&#8221;]En 1933 la fabrica Huguet era una m\u00e1s del centenar de f\u00e1bricas de baldosas hidr\u00e1ulicas que hab\u00eda en [&hellip;]\" \/>\n<meta property=\"og:url\" content=\"https:\/\/huguetmallorca.com\/ca\/contact\/huguet\/history\/\" \/>\n<meta property=\"og:site_name\" content=\"HUGUET\" \/>\n<meta property=\"article:publisher\" content=\"https:\/\/www.facebook.com\/huguetmallorca\/\" \/>\n<meta property=\"article:modified_time\" content=\"2024-01-26T12:26:20+00:00\" \/>\n<meta property=\"og:image\" content=\"https:\/\/huguetmallorca.com\/wp-content\/uploads\/2024\/01\/Avi_001.jpg\" \/>\n\t<meta property=\"og:image:width\" content=\"960\" \/>\n\t<meta property=\"og:image:height\" content=\"1200\" \/>\n\t<meta property=\"og:image:type\" content=\"image\/jpeg\" \/>\n<meta name=\"twitter:card\" content=\"summary_large_image\" \/>\n<meta name=\"twitter:site\" content=\"@huguetmallorca\" \/>\n<meta name=\"twitter:label1\" content=\"Temps estimat de lectura\" \/>\n\t<meta name=\"twitter:data1\" content=\"3 minuts\" \/>\n<script type=\"application\/ld+json\" class=\"yoast-schema-graph\">{\"@context\":\"https:\/\/schema.org\",\"@graph\":[{\"@type\":\"WebPage\",\"@id\":\"https:\/\/huguetmallorca.com\/ca\/contact\/huguet\/history\/\",\"url\":\"https:\/\/huguetmallorca.com\/ca\/contact\/huguet\/history\/\",\"name\":\"History | HUGUET\",\"isPartOf\":{\"@id\":\"https:\/\/huguetmallorca.com\/ca\/#website\"},\"datePublished\":\"2016-05-22T17:40:42+00:00\",\"dateModified\":\"2024-01-26T12:26:20+00:00\",\"breadcrumb\":{\"@id\":\"https:\/\/huguetmallorca.com\/ca\/contact\/huguet\/history\/#breadcrumb\"},\"inLanguage\":\"ca\",\"potentialAction\":[{\"@type\":\"ReadAction\",\"target\":[[\"https:\/\/huguetmallorca.com\/ca\/contact\/huguet\/history\/\"]]}]},{\"@type\":\"BreadcrumbList\",\"@id\":\"https:\/\/huguetmallorca.com\/ca\/contact\/huguet\/history\/#breadcrumb\",\"itemListElement\":[{\"@type\":\"ListItem\",\"position\":1,\"name\":\"Portada\",\"item\":\"https:\/\/huguetmallorca.com\/ca\/\"},{\"@type\":\"ListItem\",\"position\":2,\"name\":\"Contact\",\"item\":\"https:\/\/huguetmallorca.com\/ca\/contact\/\"},{\"@type\":\"ListItem\",\"position\":3,\"name\":\"About us\",\"item\":\"https:\/\/huguetmallorca.com\/ca\/contact\/huguet\/\"},{\"@type\":\"ListItem\",\"position\":4,\"name\":\"Historia\"}]},{\"@type\":\"WebSite\",\"@id\":\"https:\/\/huguetmallorca.com\/ca\/#website\",\"url\":\"https:\/\/huguetmallorca.com\/ca\/\",\"name\":\"HUGUET\",\"description\":\"\",\"potentialAction\":[{\"@type\":\"SearchAction\",\"target\":{\"@type\":\"EntryPoint\",\"urlTemplate\":\"https:\/\/huguetmallorca.com\/ca\/?s={search_term_string}\"},\"query-input\":\"required name=search_term_string\"}],\"inLanguage\":\"ca\"}]}<\/script>\n<!-- \/ Yoast SEO plugin. -->","yoast_head_json":{"title":"History | HUGUET","robots":{"index":"index","follow":"follow","max-snippet":"max-snippet:-1","max-image-preview":"max-image-preview:large","max-video-preview":"max-video-preview:-1"},"canonical":"https:\/\/huguetmallorca.com\/ca\/contact\/huguet\/history\/","og_locale":"ca_ES","og_type":"article","og_title":"History | HUGUET","og_description":"[vc_row content_placement=&#8221;top&#8221; el_class=&#8221;images&#8221;][vc_column width=&#8221;1\/12&#8243;][\/vc_column][vc_column width=&#8221;10\/12&#8243; el_class=&#8221;box_select_mosaico&#8221;][vc_row_inner equal_height=&#8221;yes&#8221;][vc_column_inner width=&#8221;1\/3&#8243; css=&#8221;.vc_custom_1463924477334{padding-right: 0px !important;padding-left: 0px !important;}&#8221;][vc_single_image image=&#8221;923&#8243; onclick=&#8221;custom_link&#8221; link=&#8221;\/&#8221; el_class=&#8221;logo&#8221;][\/vc_column_inner][vc_column_inner el_class=&#8221;center_col&#8221; width=&#8221;1\/3&#8243; css=&#8221;.vc_custom_1461146933500{padding-right: 0px !important;padding-left: 0px !important;}&#8221;][vc_wp_custommenu nav_menu=&#8221;2&#8243;][\/vc_column_inner][vc_column_inner width=&#8221;1\/3&#8243; css=&#8221;.vc_custom_1463925001550{padding-right: 0px !important;padding-left: 0px !important;background-position: center !important;background-repeat: no-repeat !important;background-size: cover !important;}&#8221;][vc_column_text el_class=&#8221;box_model&#8221;]En 1933 la fabrica Huguet era una m\u00e1s del centenar de f\u00e1bricas de baldosas hidr\u00e1ulicas que hab\u00eda en [&hellip;]","og_url":"https:\/\/huguetmallorca.com\/ca\/contact\/huguet\/history\/","og_site_name":"HUGUET","article_publisher":"https:\/\/www.facebook.com\/huguetmallorca\/","article_modified_time":"2024-01-26T12:26:20+00:00","og_image":[{"width":960,"height":1200,"url":"https:\/\/huguetmallorca.com\/wp-content\/uploads\/2024\/01\/Avi_001.jpg","type":"image\/jpeg"}],"twitter_card":"summary_large_image","twitter_site":"@huguetmallorca","twitter_misc":{"Temps estimat de lectura":"3 minuts"},"schema":{"@context":"https:\/\/schema.org","@graph":[{"@type":"WebPage","@id":"https:\/\/huguetmallorca.com\/ca\/contact\/huguet\/history\/","url":"https:\/\/huguetmallorca.com\/ca\/contact\/huguet\/history\/","name":"History | HUGUET","isPartOf":{"@id":"https:\/\/huguetmallorca.com\/ca\/#website"},"datePublished":"2016-05-22T17:40:42+00:00","dateModified":"2024-01-26T12:26:20+00:00","breadcrumb":{"@id":"https:\/\/huguetmallorca.com\/ca\/contact\/huguet\/history\/#breadcrumb"},"inLanguage":"ca","potentialAction":[{"@type":"ReadAction","target":[["https:\/\/huguetmallorca.com\/ca\/contact\/huguet\/history\/"]]}]},{"@type":"BreadcrumbList","@id":"https:\/\/huguetmallorca.com\/ca\/contact\/huguet\/history\/#breadcrumb","itemListElement":[{"@type":"ListItem","position":1,"name":"Portada","item":"https:\/\/huguetmallorca.com\/ca\/"},{"@type":"ListItem","position":2,"name":"Contact","item":"https:\/\/huguetmallorca.com\/ca\/contact\/"},{"@type":"ListItem","position":3,"name":"About us","item":"https:\/\/huguetmallorca.com\/ca\/contact\/huguet\/"},{"@type":"ListItem","position":4,"name":"Historia"}]},{"@type":"WebSite","@id":"https:\/\/huguetmallorca.com\/ca\/#website","url":"https:\/\/huguetmallorca.com\/ca\/","name":"HUGUET","description":"","potentialAction":[{"@type":"SearchAction","target":{"@type":"EntryPoint","urlTemplate":"https:\/\/huguetmallorca.com\/ca\/?s={search_term_string}"},"query-input":"required name=search_term_string"}],"inLanguage":"ca"}]}},"_links":{"self":[{"href":"https:\/\/huguetmallorca.com\/ca\/wp-json\/wp\/v2\/pages\/394","targetHints":{"allow":["GET"]}}],"collection":[{"href":"https:\/\/huguetmallorca.com\/ca\/wp-json\/wp\/v2\/pages"}],"about":[{"href":"https:\/\/huguetmallorca.com\/ca\/wp-json\/wp\/v2\/types\/page"}],"author":[{"embeddable":true,"href":"https:\/\/huguetmallorca.com\/ca\/wp-json\/wp\/v2\/users\/1"}],"replies":[{"embeddable":true,"href":"https:\/\/huguetmallorca.com\/ca\/wp-json\/wp\/v2\/comments?post=394"}],"version-history":[{"count":14,"href":"https:\/\/huguetmallorca.com\/ca\/wp-json\/wp\/v2\/pages\/394\/revisions"}],"predecessor-version":[{"id":17342,"href":"https:\/\/huguetmallorca.com\/ca\/wp-json\/wp\/v2\/pages\/394\/revisions\/17342"}],"up":[{"embeddable":true,"href":"https:\/\/huguetmallorca.com\/ca\/wp-json\/wp\/v2\/pages\/66"}],"wp:featuredmedia":[{"embeddable":true,"href":"https:\/\/huguetmallorca.com\/ca\/wp-json\/wp\/v2\/media\/17293"}],"wp:attachment":[{"href":"https:\/\/huguetmallorca.com\/ca\/wp-json\/wp\/v2\/media?parent=394"}],"wp:term":[{"taxonomy":"category","embeddable":true,"href":"https:\/\/huguetmallorca.com\/ca\/wp-json\/wp\/v2\/categories?post=394"},{"taxonomy":"post_tag","embeddable":true,"href":"https:\/\/huguetmallorca.com\/ca\/wp-json\/wp\/v2\/tags?post=394"}],"curies":[{"name":"wp","href":"https:\/\/api.w.org\/{rel}","templated":true}]}}