{"id":8494,"date":"2018-12-13T16:29:14","date_gmt":"2018-12-13T16:29:14","guid":{"rendered":"http:\/\/huguetmallorca.com\/colecciones-copy\/"},"modified":"2023-04-11T12:09:55","modified_gmt":"2023-04-11T12:09:55","slug":"catalogos","status":"publish","type":"page","link":"https:\/\/huguetmallorca.com\/ca\/catalogos\/","title":{"rendered":"Cat\u00e0legs"},"content":{"rendered":"<p>[vc_row content_placement=&#8221;top&#8221; el_class=&#8221;images&#8221;][vc_column width=&#8221;1\/12&#8243;][\/vc_column][vc_column width=&#8221;10\/12&#8243; el_class=&#8221;box_select_mosaico&#8221;][vc_row_inner equal_height=&#8221;yes&#8221;][vc_column_inner width=&#8221;1\/3&#8243; css=&#8221;.vc_custom_1463924477334{padding-right: 0px !important;padding-left: 0px !important;}&#8221;][vc_single_image image=&#8221;923&#8243; onclick=&#8221;custom_link&#8221; link=&#8221;\/&#8221; el_class=&#8221;logo&#8221;][\/vc_column_inner][vc_column_inner el_class=&#8221;center_col&#8221; width=&#8221;1\/3&#8243; css=&#8221;.vc_custom_1461146933500{padding-right: 0px !important;padding-left: 0px !important;}&#8221;][vc_wp_custommenu nav_menu=&#8221;2&#8243;][\/vc_column_inner][vc_column_inner width=&#8221;1\/3&#8243; css=&#8221;.vc_custom_1463925001550{padding-right: 0px !important;padding-left: 0px !important;background-position: center !important;background-repeat: no-repeat !important;background-size: cover !important;}&#8221;][vc_column_text el_class=&#8221;box_model&#8221;][\/vc_column_text][\/vc_column_inner][\/vc_row_inner][\/vc_column][vc_column width=&#8221;1\/12&#8243;][\/vc_column][\/vc_row][vc_row content_placement=&#8221;top&#8221; el_class=&#8221;images&#8221;][vc_column width=&#8221;1\/12&#8243;][\/vc_column][vc_column width=&#8221;10\/12&#8243;][vc_row_inner equal_height=&#8221;yes&#8221;][vc_column_inner width=&#8221;1\/3&#8243; css=&#8221;.vc_custom_1463944067629{padding-right: 0px !important;padding-left: 0px !important;background-position: center !important;background-repeat: no-repeat !important;background-size: cover !important;}&#8221;][vc_single_image image=&#8221;16593&#8243; img_size=&#8221;full&#8221; onclick=&#8221;custom_link&#8221; img_link_target=&#8221;_blank&#8221; link=&#8221;https:\/\/huguetmallorca.com\/wp-content\/uploads\/2023\/01\/Huguet_Catalog_Artwork.pdf&#8221;][\/vc_column_inner][vc_column_inner width=&#8221;1\/3&#8243; css=&#8221;.vc_custom_1463937850046{padding-right: 0px !important;padding-left: 0px !important;}&#8221;][vc_single_image image=&#8221;10439&#8243; img_size=&#8221;full&#8221; onclick=&#8221;custom_link&#8221; img_link_target=&#8221;_blank&#8221; link=&#8221;https:\/\/huguetmallorca.com\/wp-content\/uploads\/2020\/03\/PART1_WEB.pdf&#8221;][\/vc_column_inner][vc_column_inner width=&#8221;1\/3&#8243; css=&#8221;.vc_custom_1463937842406{padding-right: 0px !important;padding-left: 0px !important;}&#8221;][vc_single_image image=&#8221;10318&#8243; img_size=&#8221;full&#8221; onclick=&#8221;custom_link&#8221; img_link_target=&#8221;_blank&#8221; link=&#8221;https:\/\/huguetmallorca.com\/wp-content\/uploads\/2020\/03\/PART2_WEB.pdf&#8221;][\/vc_column_inner][\/vc_row_inner][vc_row_inner equal_height=&#8221;yes&#8221;][vc_column_inner width=&#8221;1\/3&#8243; css=&#8221;.vc_custom_1463944067629{padding-right: 0px !important;padding-left: 0px !important;background-position: center !important;background-repeat: no-repeat !important;background-size: cover !important;}&#8221;][vc_single_image image=&#8221;16608&#8243; img_size=&#8221;medium&#8221; onclick=&#8221;custom_link&#8221; img_link_target=&#8221;_blank&#8221; link=&#8221;http:\/\/huguetmallorca.com\/wp-content\/uploads\/2018\/11\/00_cataleg_TERRA-OBJECTS.pdf&#8221;][\/vc_column_inner][vc_column_inner width=&#8221;1\/3&#8243; css=&#8221;.vc_custom_1463937850046{padding-right: 0px !important;padding-left: 0px !important;}&#8221;][vc_single_image image=&#8221;16619&#8243; img_size=&#8221;full&#8221; onclick=&#8221;custom_link&#8221; img_link_target=&#8221;_blank&#8221; link=&#8221;https:\/\/huguetmallorca.com\/wp-content\/uploads\/2023\/03\/Rapita_catalogue1.pdf&#8221;][\/vc_column_inner][vc_column_inner width=&#8221;1\/3&#8243; css=&#8221;.vc_custom_1463937842406{padding-right: 0px !important;padding-left: 0px !important;}&#8221;][vc_single_image image=&#8221;9183&#8243; img_size=&#8221;full&#8221; add_caption=&#8221;yes&#8221; alignment=&#8221;center&#8221; onclick=&#8221;custom_link&#8221; img_link_target=&#8221;_blank&#8221; link=&#8221;https:\/\/huguetmallorca.com\/wp-content\/uploads\/2019\/06\/Abecedari-comprimit.pdf&#8221;][\/vc_column_inner][\/vc_row_inner][vc_row_inner equal_height=&#8221;yes&#8221;][vc_column_inner width=&#8221;1\/3&#8243; css=&#8221;.vc_custom_1463937850046{padding-right: 0px !important;padding-left: 0px !important;}&#8221;][vc_single_image image=&#8221;9193&#8243; img_size=&#8221;full&#8221; add_caption=&#8221;yes&#8221; onclick=&#8221;custom_link&#8221; img_link_target=&#8221;_blank&#8221; link=&#8221;https:\/\/huguetmallorca.com\/wp-content\/uploads\/2019\/06\/Cataleg_Remedios_web.pdf&#8221;][\/vc_column_inner][\/vc_row_inner][\/vc_column][vc_column width=&#8221;1\/12&#8243;][\/vc_column][\/vc_row]<\/p>","protected":false},"excerpt":{"rendered":"<p>[vc_row content_placement=&#8221;top&#8221; el_class=&#8221;images&#8221;][vc_column width=&#8221;1\/12&#8243;][\/vc_column][vc_column width=&#8221;10\/12&#8243; el_class=&#8221;box_select_mosaico&#8221;][vc_row_inner equal_height=&#8221;yes&#8221;][vc_column_inner width=&#8221;1\/3&#8243; css=&#8221;.vc_custom_1463924477334{padding-right: 0px !important;padding-left: 0px !important;}&#8221;][vc_single_image image=&#8221;923&#8243; onclick=&#8221;custom_link&#8221; link=&#8221;\/&#8221; el_class=&#8221;logo&#8221;][\/vc_column_inner][vc_column_inner el_class=&#8221;center_col&#8221; width=&#8221;1\/3&#8243; css=&#8221;.vc_custom_1461146933500{padding-right: 0px !important;padding-left: 0px !important;}&#8221;][vc_wp_custommenu nav_menu=&#8221;2&#8243;][\/vc_column_inner][vc_column_inner width=&#8221;1\/3&#8243; css=&#8221;.vc_custom_1463925001550{padding-right: 0px !important;padding-left: 0px !important;background-position: center !important;background-repeat: no-repeat !important;background-size: cover !important;}&#8221;][vc_column_text el_class=&#8221;box_model&#8221;][\/vc_column_text][\/vc_column_inner][\/vc_row_inner][\/vc_column][vc_column width=&#8221;1\/12&#8243;][\/vc_column][\/vc_row][vc_row content_placement=&#8221;top&#8221; el_class=&#8221;images&#8221;][vc_column width=&#8221;1\/12&#8243;][\/vc_column][vc_column width=&#8221;10\/12&#8243;][vc_row_inner equal_height=&#8221;yes&#8221;][vc_column_inner width=&#8221;1\/3&#8243; css=&#8221;.vc_custom_1463944067629{padding-right: 0px !important;padding-left: 0px !important;background-position: center !important;background-repeat: no-repeat !important;background-size: cover [&hellip;]<\/p>\n","protected":false},"author":1,"featured_media":0,"parent":0,"menu_order":0,"comment_status":"closed","ping_status":"closed","template":"","meta":{"footnotes":""},"categories":[],"tags":[],"class_list":["post-8494","page","type-page","status-publish","hentry"],"yoast_head":"<!-- This site is optimized with the Yoast SEO plugin v20.0 - https:\/\/yoast.com\/wordpress\/plugins\/seo\/ -->\n<title>Cat\u00e0legs | HUGUET<\/title>\n<meta name=\"description\" content=\"Fabricamos baldosas hidr\u00e1ulicas para la arquitectura a trav\u00e9s de ...\" \/>\n<meta name=\"robots\" content=\"index, follow, max-snippet:-1, max-image-preview:large, max-video-preview:-1\" \/>\n<link rel=\"canonical\" href=\"https:\/\/huguetmallorca.com\/ca\/catalogos\/\" \/>\n<meta property=\"og:locale\" content=\"ca_ES\" \/>\n<meta property=\"og:type\" content=\"article\" \/>\n<meta property=\"og:title\" content=\"Cat\u00e0legs | HUGUET\" \/>\n<meta property=\"og:description\" content=\"Fabricamos baldosas hidr\u00e1ulicas para la arquitectura a trav\u00e9s de ...\" \/>\n<meta property=\"og:url\" content=\"https:\/\/huguetmallorca.com\/ca\/catalogos\/\" \/>\n<meta property=\"og:site_name\" content=\"HUGUET\" \/>\n<meta property=\"article:publisher\" content=\"https:\/\/www.facebook.com\/huguetmallorca\/\" \/>\n<meta property=\"article:modified_time\" content=\"2023-04-11T12:09:55+00:00\" \/>\n<meta name=\"twitter:card\" content=\"summary_large_image\" \/>\n<meta name=\"twitter:site\" content=\"@huguetmallorca\" \/>\n<meta name=\"twitter:label1\" content=\"Temps estimat de lectura\" \/>\n\t<meta name=\"twitter:data1\" content=\"1 minut\" \/>\n<script type=\"application\/ld+json\" class=\"yoast-schema-graph\">{\"@context\":\"https:\/\/schema.org\",\"@graph\":[{\"@type\":\"WebPage\",\"@id\":\"https:\/\/huguetmallorca.com\/ca\/catalogos\/\",\"url\":\"https:\/\/huguetmallorca.com\/ca\/catalogos\/\",\"name\":\"Cat\u00e0legs | HUGUET\",\"isPartOf\":{\"@id\":\"https:\/\/huguetmallorca.com\/ca\/#website\"},\"datePublished\":\"2018-12-13T16:29:14+00:00\",\"dateModified\":\"2023-04-11T12:09:55+00:00\",\"description\":\"Fabricamos baldosas hidr\u00e1ulicas para la arquitectura a trav\u00e9s de ...\",\"breadcrumb\":{\"@id\":\"https:\/\/huguetmallorca.com\/ca\/catalogos\/#breadcrumb\"},\"inLanguage\":\"ca\",\"potentialAction\":[{\"@type\":\"ReadAction\",\"target\":[[\"https:\/\/huguetmallorca.com\/ca\/catalogos\/\"]]}]},{\"@type\":\"BreadcrumbList\",\"@id\":\"https:\/\/huguetmallorca.com\/ca\/catalogos\/#breadcrumb\",\"itemListElement\":[{\"@type\":\"ListItem\",\"position\":1,\"name\":\"Portada\",\"item\":\"https:\/\/huguetmallorca.com\/ca\/\"},{\"@type\":\"ListItem\",\"position\":2,\"name\":\"Cat\u00e1logos\"}]},{\"@type\":\"WebSite\",\"@id\":\"https:\/\/huguetmallorca.com\/ca\/#website\",\"url\":\"https:\/\/huguetmallorca.com\/ca\/\",\"name\":\"HUGUET\",\"description\":\"\",\"potentialAction\":[{\"@type\":\"SearchAction\",\"target\":{\"@type\":\"EntryPoint\",\"urlTemplate\":\"https:\/\/huguetmallorca.com\/ca\/?s={search_term_string}\"},\"query-input\":\"required name=search_term_string\"}],\"inLanguage\":\"ca\"}]}<\/script>\n<!-- \/ Yoast SEO plugin. -->","yoast_head_json":{"title":"Cat\u00e0legs | HUGUET","description":"Fabricamos baldosas hidr\u00e1ulicas para la arquitectura a trav\u00e9s de ...","robots":{"index":"index","follow":"follow","max-snippet":"max-snippet:-1","max-image-preview":"max-image-preview:large","max-video-preview":"max-video-preview:-1"},"canonical":"https:\/\/huguetmallorca.com\/ca\/catalogos\/","og_locale":"ca_ES","og_type":"article","og_title":"Cat\u00e0legs | HUGUET","og_description":"Fabricamos baldosas hidr\u00e1ulicas para la arquitectura a trav\u00e9s de ...","og_url":"https:\/\/huguetmallorca.com\/ca\/catalogos\/","og_site_name":"HUGUET","article_publisher":"https:\/\/www.facebook.com\/huguetmallorca\/","article_modified_time":"2023-04-11T12:09:55+00:00","twitter_card":"summary_large_image","twitter_site":"@huguetmallorca","twitter_misc":{"Temps estimat de lectura":"1 minut"},"schema":{"@context":"https:\/\/schema.org","@graph":[{"@type":"WebPage","@id":"https:\/\/huguetmallorca.com\/ca\/catalogos\/","url":"https:\/\/huguetmallorca.com\/ca\/catalogos\/","name":"Cat\u00e0legs | HUGUET","isPartOf":{"@id":"https:\/\/huguetmallorca.com\/ca\/#website"},"datePublished":"2018-12-13T16:29:14+00:00","dateModified":"2023-04-11T12:09:55+00:00","description":"Fabricamos baldosas hidr\u00e1ulicas para la arquitectura a trav\u00e9s de ...","breadcrumb":{"@id":"https:\/\/huguetmallorca.com\/ca\/catalogos\/#breadcrumb"},"inLanguage":"ca","potentialAction":[{"@type":"ReadAction","target":[["https:\/\/huguetmallorca.com\/ca\/catalogos\/"]]}]},{"@type":"BreadcrumbList","@id":"https:\/\/huguetmallorca.com\/ca\/catalogos\/#breadcrumb","itemListElement":[{"@type":"ListItem","position":1,"name":"Portada","item":"https:\/\/huguetmallorca.com\/ca\/"},{"@type":"ListItem","position":2,"name":"Cat\u00e1logos"}]},{"@type":"WebSite","@id":"https:\/\/huguetmallorca.com\/ca\/#website","url":"https:\/\/huguetmallorca.com\/ca\/","name":"HUGUET","description":"","potentialAction":[{"@type":"SearchAction","target":{"@type":"EntryPoint","urlTemplate":"https:\/\/huguetmallorca.com\/ca\/?s={search_term_string}"},"query-input":"required name=search_term_string"}],"inLanguage":"ca"}]}},"_links":{"self":[{"href":"https:\/\/huguetmallorca.com\/ca\/wp-json\/wp\/v2\/pages\/8494","targetHints":{"allow":["GET"]}}],"collection":[{"href":"https:\/\/huguetmallorca.com\/ca\/wp-json\/wp\/v2\/pages"}],"about":[{"href":"https:\/\/huguetmallorca.com\/ca\/wp-json\/wp\/v2\/types\/page"}],"author":[{"embeddable":true,"href":"https:\/\/huguetmallorca.com\/ca\/wp-json\/wp\/v2\/users\/1"}],"replies":[{"embeddable":true,"href":"https:\/\/huguetmallorca.com\/ca\/wp-json\/wp\/v2\/comments?post=8494"}],"version-history":[{"count":16,"href":"https:\/\/huguetmallorca.com\/ca\/wp-json\/wp\/v2\/pages\/8494\/revisions"}],"predecessor-version":[{"id":16718,"href":"https:\/\/huguetmallorca.com\/ca\/wp-json\/wp\/v2\/pages\/8494\/revisions\/16718"}],"wp:attachment":[{"href":"https:\/\/huguetmallorca.com\/ca\/wp-json\/wp\/v2\/media?parent=8494"}],"wp:term":[{"taxonomy":"category","embeddable":true,"href":"https:\/\/huguetmallorca.com\/ca\/wp-json\/wp\/v2\/categories?post=8494"},{"taxonomy":"post_tag","embeddable":true,"href":"https:\/\/huguetmallorca.com\/ca\/wp-json\/wp\/v2\/tags?post=8494"}],"curies":[{"name":"wp","href":"https:\/\/api.w.org\/{rel}","templated":true}]}}