{"id":3546,"date":"2023-07-17T11:10:41","date_gmt":"2023-07-17T09:10:41","guid":{"rendered":"https:\/\/huguetmallorca.com\/shop\/?post_type=product&#038;p=3546"},"modified":"2026-02-05T09:44:52","modified_gmt":"2026-02-05T08:44:52","slug":"prunera-8-20x20x1-7cm","status":"publish","type":"product","link":"https:\/\/huguetmallorca.com\/shop\/ca\/product\/prunera-8-20x20x1-7cm\/","title":{"rendered":"Prunera 8. 20x20x1.7cm (Hidrofugat)"},"content":{"rendered":"<p><strong>Transport no incl\u00f2s<\/strong>. Demana pressupost per m\u00e9s informaci\u00f3.<br \/>\n<strong>Polit i hidrofugat incl\u00f2s.<\/strong><\/p>\n<p>u.\/m\u00b2: 25<br \/>\nkg\/m\u00b2: 39<\/p>\n<p>Colors: Blau Adrover, Rosa, Rosa Fluix, Verd Munar, Granat, Groc Est\u00e0ndard, Blau Cel Fluix i Blau Cel<\/p>\n<p>Els colors que es poden veure en pantalla s\u00f3n aproximats i poden variar pel que recomanam demanar una mostra de producte (a partir de 15 \u20ac) enviant un mail a info@huguetmallorca.com.<\/p>\n<p><strong>Sobre el mosaic hidr\u00e0ulic tradicional<\/strong><br \/>\nEl mosaic hidr\u00e0ulic es caracteritza per la seva fabricaci\u00f3 manual i per oferir il\u00b7limitades possibilitats decoratives. Amb car\u00e0cter i qualitat, destaquen per l\u2019acabat natural, pel sentit artes\u00e0, pel seu excel\u00b7lent envelliment, i en definitiva per la seva noblesa i eleg\u00e0ncia.<\/p>\n","protected":false},"excerpt":{"rendered":"<p>Transport no incl\u00f2s. Demana pressupost per m\u00e9s informaci\u00f3. Polit i hidrofugat incl\u00f2s. u.\/m\u00b2: 25 kg\/m\u00b2: 39 Colors: Blau Adrover, Rosa, Rosa Fluix, Verd Munar, Granat, Groc Est\u00e0ndard, Blau Cel Fluix i Blau Cel Els colors que es poden veure en pantalla s\u00f3n aproximats i poden variar pel que recomanam demanar una mostra de producte (a &hellip;<\/p>\n<p class=\"read-more\"> <a class=\"\" href=\"https:\/\/huguetmallorca.com\/shop\/ca\/product\/prunera-8-20x20x1-7cm\/\"> <span class=\"screen-reader-text\">Prunera 8. 20x20x1.7cm (Hidrofugat)<\/span> Read More \u00bb<\/a><\/p>\n","protected":false},"featured_media":3560,"comment_status":"closed","ping_status":"closed","template":"","meta":{"_uag_custom_page_level_css":"","site-sidebar-layout":"default","site-content-layout":"default","ast-global-header-display":"","ast-main-header-display":"","ast-hfb-above-header-display":"","ast-hfb-below-header-display":"","ast-hfb-mobile-header-display":"","site-post-title":"","ast-breadcrumbs-content":"","ast-featured-img":"","footer-sml-layout":"","theme-transparent-header-meta":"default","adv-header-id-meta":"","stick-header-meta":"default","header-above-stick-meta":"","header-main-stick-meta":"","header-below-stick-meta":"","_themeisle_gutenberg_block_has_review":false},"product_cat":[116],"product_tag":[],"yoast_head":"<!-- This site is optimized with the Yoast SEO plugin v20.5 - https:\/\/yoast.com\/wordpress\/plugins\/seo\/ -->\n<title>Prunera 8. 20x20x1.7cm (Hidrofugat) - Huguet<\/title>\n<meta name=\"robots\" content=\"index, follow, max-snippet:-1, max-image-preview:large, max-video-preview:-1\" \/>\n<link rel=\"canonical\" href=\"https:\/\/huguetmallorca.com\/shop\/ca\/product\/prunera-8-20x20x1-7cm\/\" \/>\n<meta property=\"og:locale\" content=\"es_ES\" \/>\n<meta property=\"og:type\" content=\"article\" \/>\n<meta property=\"og:title\" content=\"Prunera 8. 20x20x1.7cm (Hidrofugat) - Huguet\" \/>\n<meta property=\"og:description\" content=\"Transport no incl\u00f2s. Demana pressupost per m\u00e9s informaci\u00f3. Polit i hidrofugat incl\u00f2s. u.\/m\u00b2: 25 kg\/m\u00b2: 39 Colors: Blau Adrover, Rosa, Rosa Fluix, Verd Munar, Granat, Groc Est\u00e0ndard, Blau Cel Fluix i Blau Cel Els colors que es poden veure en pantalla s\u00f3n aproximats i poden variar pel que recomanam demanar una mostra de producte (a &hellip; Prunera 8. 20x20x1.7cm (Hidrofugat) Read More \u00bb\" \/>\n<meta property=\"og:url\" content=\"https:\/\/huguetmallorca.com\/shop\/ca\/product\/prunera-8-20x20x1-7cm\/\" \/>\n<meta property=\"og:site_name\" content=\"Huguet\" \/>\n<meta property=\"article:publisher\" content=\"https:\/\/www.facebook.com\/huguetmallorca\/\" \/>\n<meta property=\"article:modified_time\" content=\"2026-02-05T08:44:52+00:00\" \/>\n<meta property=\"og:image\" content=\"https:\/\/huguetmallorca.com\/shop\/wp-content\/uploads\/2023\/07\/Prunera-8.-20x20x1.7cm-scaled.jpg\" \/>\n\t<meta property=\"og:image:width\" content=\"2560\" \/>\n\t<meta property=\"og:image:height\" content=\"2560\" \/>\n\t<meta property=\"og:image:type\" content=\"image\/jpeg\" \/>\n<meta name=\"twitter:card\" content=\"summary_large_image\" \/>\n<meta name=\"twitter:site\" content=\"@HuguetMallorca\" \/>\n<meta name=\"twitter:label1\" content=\"Tiempo de lectura\" \/>\n\t<meta name=\"twitter:data1\" content=\"1 minuto\" \/>\n<script type=\"application\/ld+json\" class=\"yoast-schema-graph\">{\"@context\":\"https:\/\/schema.org\",\"@graph\":[{\"@type\":\"WebPage\",\"@id\":\"https:\/\/huguetmallorca.com\/shop\/ca\/product\/prunera-8-20x20x1-7cm\/\",\"url\":\"https:\/\/huguetmallorca.com\/shop\/ca\/product\/prunera-8-20x20x1-7cm\/\",\"name\":\"Prunera 8. 20x20x1.7cm (Hidrofugat) - Huguet\",\"isPartOf\":{\"@id\":\"https:\/\/huguetmallorca.com\/shop\/#website\"},\"datePublished\":\"2023-07-17T09:10:41+00:00\",\"dateModified\":\"2026-02-05T08:44:52+00:00\",\"breadcrumb\":{\"@id\":\"https:\/\/huguetmallorca.com\/shop\/ca\/product\/prunera-8-20x20x1-7cm\/#breadcrumb\"},\"inLanguage\":\"es\",\"potentialAction\":[{\"@type\":\"ReadAction\",\"target\":[\"https:\/\/huguetmallorca.com\/shop\/ca\/product\/prunera-8-20x20x1-7cm\/\"]}]},{\"@type\":\"BreadcrumbList\",\"@id\":\"https:\/\/huguetmallorca.com\/shop\/ca\/product\/prunera-8-20x20x1-7cm\/#breadcrumb\",\"itemListElement\":[{\"@type\":\"ListItem\",\"position\":1,\"name\":\"Home\",\"item\":\"https:\/\/huguetmallorca.com\/shop\/\"},{\"@type\":\"ListItem\",\"position\":2,\"name\":\"Shop\",\"item\":\"https:\/\/huguetmallorca.com\/shop\/catalogue\/\"},{\"@type\":\"ListItem\",\"position\":3,\"name\":\"Rajoles mosaic\",\"item\":\"https:\/\/huguetmallorca.com\/shop\/ca\/product-category\/rajoles_mosaic\/\"},{\"@type\":\"ListItem\",\"position\":4,\"name\":\"Prunera 8. 20x20x1.7cm (Hidrofugat)\"}]},{\"@type\":\"WebSite\",\"@id\":\"https:\/\/huguetmallorca.com\/shop\/#website\",\"url\":\"https:\/\/huguetmallorca.com\/shop\/\",\"name\":\"Huguet\",\"description\":\"Manufacturers since 1933 \u00b7 Mallorca\",\"publisher\":{\"@id\":\"https:\/\/huguetmallorca.com\/shop\/#organization\"},\"potentialAction\":[{\"@type\":\"SearchAction\",\"target\":{\"@type\":\"EntryPoint\",\"urlTemplate\":\"https:\/\/huguetmallorca.com\/shop\/?s={search_term_string}\"},\"query-input\":\"required name=search_term_string\"}],\"inLanguage\":\"es\"},{\"@type\":\"Organization\",\"@id\":\"https:\/\/huguetmallorca.com\/shop\/#organization\",\"name\":\"Huguet\",\"url\":\"https:\/\/huguetmallorca.com\/shop\/\",\"logo\":{\"@type\":\"ImageObject\",\"inLanguage\":\"es\",\"@id\":\"https:\/\/huguetmallorca.com\/shop\/#\/schema\/logo\/image\/\",\"url\":\"https:\/\/huguetmallorca.com\/shop\/wp-content\/uploads\/2022\/04\/logo-huguet.jpg\",\"contentUrl\":\"https:\/\/huguetmallorca.com\/shop\/wp-content\/uploads\/2022\/04\/logo-huguet.jpg\",\"width\":877,\"height\":245,\"caption\":\"Huguet\"},\"image\":{\"@id\":\"https:\/\/huguetmallorca.com\/shop\/#\/schema\/logo\/image\/\"},\"sameAs\":[\"https:\/\/www.facebook.com\/huguetmallorca\/\",\"https:\/\/twitter.com\/HuguetMallorca\",\"https:\/\/www.instagram.com\/huguetmallorca\/\"]}]}<\/script>\n<!-- \/ Yoast SEO plugin. -->","yoast_head_json":{"title":"Prunera 8. 20x20x1.7cm (Hidrofugat) - Huguet","robots":{"index":"index","follow":"follow","max-snippet":"max-snippet:-1","max-image-preview":"max-image-preview:large","max-video-preview":"max-video-preview:-1"},"canonical":"https:\/\/huguetmallorca.com\/shop\/ca\/product\/prunera-8-20x20x1-7cm\/","og_locale":"es_ES","og_type":"article","og_title":"Prunera 8. 20x20x1.7cm (Hidrofugat) - Huguet","og_description":"Transport no incl\u00f2s. Demana pressupost per m\u00e9s informaci\u00f3. Polit i hidrofugat incl\u00f2s. u.\/m\u00b2: 25 kg\/m\u00b2: 39 Colors: Blau Adrover, Rosa, Rosa Fluix, Verd Munar, Granat, Groc Est\u00e0ndard, Blau Cel Fluix i Blau Cel Els colors que es poden veure en pantalla s\u00f3n aproximats i poden variar pel que recomanam demanar una mostra de producte (a &hellip; Prunera 8. 20x20x1.7cm (Hidrofugat) Read More \u00bb","og_url":"https:\/\/huguetmallorca.com\/shop\/ca\/product\/prunera-8-20x20x1-7cm\/","og_site_name":"Huguet","article_publisher":"https:\/\/www.facebook.com\/huguetmallorca\/","article_modified_time":"2026-02-05T08:44:52+00:00","og_image":[{"width":2560,"height":2560,"url":"https:\/\/huguetmallorca.com\/shop\/wp-content\/uploads\/2023\/07\/Prunera-8.-20x20x1.7cm-scaled.jpg","type":"image\/jpeg"}],"twitter_card":"summary_large_image","twitter_site":"@HuguetMallorca","twitter_misc":{"Tiempo de lectura":"1 minuto"},"schema":{"@context":"https:\/\/schema.org","@graph":[{"@type":"WebPage","@id":"https:\/\/huguetmallorca.com\/shop\/ca\/product\/prunera-8-20x20x1-7cm\/","url":"https:\/\/huguetmallorca.com\/shop\/ca\/product\/prunera-8-20x20x1-7cm\/","name":"Prunera 8. 20x20x1.7cm (Hidrofugat) - Huguet","isPartOf":{"@id":"https:\/\/huguetmallorca.com\/shop\/#website"},"datePublished":"2023-07-17T09:10:41+00:00","dateModified":"2026-02-05T08:44:52+00:00","breadcrumb":{"@id":"https:\/\/huguetmallorca.com\/shop\/ca\/product\/prunera-8-20x20x1-7cm\/#breadcrumb"},"inLanguage":"es","potentialAction":[{"@type":"ReadAction","target":["https:\/\/huguetmallorca.com\/shop\/ca\/product\/prunera-8-20x20x1-7cm\/"]}]},{"@type":"BreadcrumbList","@id":"https:\/\/huguetmallorca.com\/shop\/ca\/product\/prunera-8-20x20x1-7cm\/#breadcrumb","itemListElement":[{"@type":"ListItem","position":1,"name":"Home","item":"https:\/\/huguetmallorca.com\/shop\/"},{"@type":"ListItem","position":2,"name":"Shop","item":"https:\/\/huguetmallorca.com\/shop\/catalogue\/"},{"@type":"ListItem","position":3,"name":"Rajoles mosaic","item":"https:\/\/huguetmallorca.com\/shop\/ca\/product-category\/rajoles_mosaic\/"},{"@type":"ListItem","position":4,"name":"Prunera 8. 20x20x1.7cm (Hidrofugat)"}]},{"@type":"WebSite","@id":"https:\/\/huguetmallorca.com\/shop\/#website","url":"https:\/\/huguetmallorca.com\/shop\/","name":"Huguet","description":"Manufacturers since 1933 \u00b7 Mallorca","publisher":{"@id":"https:\/\/huguetmallorca.com\/shop\/#organization"},"potentialAction":[{"@type":"SearchAction","target":{"@type":"EntryPoint","urlTemplate":"https:\/\/huguetmallorca.com\/shop\/?s={search_term_string}"},"query-input":"required name=search_term_string"}],"inLanguage":"es"},{"@type":"Organization","@id":"https:\/\/huguetmallorca.com\/shop\/#organization","name":"Huguet","url":"https:\/\/huguetmallorca.com\/shop\/","logo":{"@type":"ImageObject","inLanguage":"es","@id":"https:\/\/huguetmallorca.com\/shop\/#\/schema\/logo\/image\/","url":"https:\/\/huguetmallorca.com\/shop\/wp-content\/uploads\/2022\/04\/logo-huguet.jpg","contentUrl":"https:\/\/huguetmallorca.com\/shop\/wp-content\/uploads\/2022\/04\/logo-huguet.jpg","width":877,"height":245,"caption":"Huguet"},"image":{"@id":"https:\/\/huguetmallorca.com\/shop\/#\/schema\/logo\/image\/"},"sameAs":["https:\/\/www.facebook.com\/huguetmallorca\/","https:\/\/twitter.com\/HuguetMallorca","https:\/\/www.instagram.com\/huguetmallorca\/"]}]}},"lang":"ca","translations":{"ca":3546,"en":3544,"es":3545},"uagb_featured_image_src":{"full":["https:\/\/huguetmallorca.com\/shop\/wp-content\/uploads\/2023\/07\/Prunera-8.-20x20x1.7cm-scaled.jpg",2560,2560,false],"thumbnail":["https:\/\/huguetmallorca.com\/shop\/wp-content\/uploads\/2023\/07\/Prunera-8.-20x20x1.7cm-150x150.jpg",150,150,true],"medium":["https:\/\/huguetmallorca.com\/shop\/wp-content\/uploads\/2023\/07\/Prunera-8.-20x20x1.7cm-300x300.jpg",300,300,true],"medium_large":["https:\/\/huguetmallorca.com\/shop\/wp-content\/uploads\/2023\/07\/Prunera-8.-20x20x1.7cm-768x768.jpg",768,768,true],"large":["https:\/\/huguetmallorca.com\/shop\/wp-content\/uploads\/2023\/07\/Prunera-8.-20x20x1.7cm-1024x1024.jpg",1024,1024,true],"1536x1536":["https:\/\/huguetmallorca.com\/shop\/wp-content\/uploads\/2023\/07\/Prunera-8.-20x20x1.7cm-1536x1536.jpg",1536,1536,true],"2048x2048":["https:\/\/huguetmallorca.com\/shop\/wp-content\/uploads\/2023\/07\/Prunera-8.-20x20x1.7cm-2048x2048.jpg",2048,2048,true],"woocommerce_thumbnail":["https:\/\/huguetmallorca.com\/shop\/wp-content\/uploads\/2023\/07\/Prunera-8.-20x20x1.7cm-300x300.jpg",300,300,true],"woocommerce_single":["https:\/\/huguetmallorca.com\/shop\/wp-content\/uploads\/2023\/07\/Prunera-8.-20x20x1.7cm-600x600.jpg",600,600,true],"woocommerce_gallery_thumbnail":["https:\/\/huguetmallorca.com\/shop\/wp-content\/uploads\/2023\/07\/Prunera-8.-20x20x1.7cm-100x100.jpg",100,100,true]},"uagb_author_info":{"display_name":"antoniamaria.rigo","author_link":"https:\/\/huguetmallorca.com\/shop\/author\/"},"uagb_comment_info":0,"uagb_excerpt":"Transport no incl\u00f2s. Demana pressupost per m\u00e9s informaci\u00f3. Polit i hidrofugat incl\u00f2s. u.\/m\u00b2: 25 kg\/m\u00b2: 39 Colors: Blau Adrover, Rosa, Rosa Fluix, Verd Munar, Granat, Groc Est\u00e0ndard, Blau Cel Fluix i Blau Cel Els colors que es poden veure en pantalla s\u00f3n aproximats i poden variar pel que recomanam demanar una mostra de producte (a&hellip;","pll_sync_post":[],"_links":{"self":[{"href":"https:\/\/huguetmallorca.com\/shop\/wp-json\/wp\/v2\/product\/3546"}],"collection":[{"href":"https:\/\/huguetmallorca.com\/shop\/wp-json\/wp\/v2\/product"}],"about":[{"href":"https:\/\/huguetmallorca.com\/shop\/wp-json\/wp\/v2\/types\/product"}],"replies":[{"embeddable":true,"href":"https:\/\/huguetmallorca.com\/shop\/wp-json\/wp\/v2\/comments?post=3546"}],"wp:featuredmedia":[{"embeddable":true,"href":"https:\/\/huguetmallorca.com\/shop\/wp-json\/wp\/v2\/media\/3560"}],"wp:attachment":[{"href":"https:\/\/huguetmallorca.com\/shop\/wp-json\/wp\/v2\/media?parent=3546"}],"wp:term":[{"taxonomy":"product_cat","embeddable":true,"href":"https:\/\/huguetmallorca.com\/shop\/wp-json\/wp\/v2\/product_cat?post=3546"},{"taxonomy":"product_tag","embeddable":true,"href":"https:\/\/huguetmallorca.com\/shop\/wp-json\/wp\/v2\/product_tag?post=3546"}],"curies":[{"name":"wp","href":"https:\/\/api.w.org\/{rel}","templated":true}]}}