{"id":543,"date":"2023-02-02T09:30:00","date_gmt":"2023-02-02T08:30:00","guid":{"rendered":"https:\/\/huguetmallorca.com\/shop\/?post_type=product&#038;p=543"},"modified":"2025-01-10T10:51:22","modified_gmt":"2025-01-10T09:51:22","slug":"paris-blanco-basico","status":"publish","type":"product","link":"https:\/\/huguetmallorca.com\/shop\/es\/product\/paris-blanco-basico\/","title":{"rendered":"Paris White B\u00e1sico. 50x50x2.5cm"},"content":{"rendered":"<p><strong>Transporte no incluido. <\/strong>Pide un presupuesto para m\u00e1s informaci\u00f3n.<strong><br \/>\nPulido e hidrofugado\u00a0 no incluido.<\/strong><\/p>\n<p>Precios para pedidos a partir de 250m2.<\/p>\n<p>u.\/m\u00b2: 4<br \/>\nkg\/m\u00b2: 88<\/p>\n<p>La serie &#8220;b\u00e1sicos&#8221; la componen baldosas de terrazo hechos de una manera m\u00e1s industrial que en el caso de las tradicionales. Esto comporta unas limitaciones en las medidas de los \u00e1ridos que se pueden utilizar, y tambi\u00e9n un peque\u00f1o aumento del grosor de la baldosa,, pero por otro lado el precio es mejor y tenemos una mayor capacidad de producci\u00f3n.<\/p>\n<p><span style=\"font-weight: 400;\">Los colores que aprecian en la pantalla son aproximados y pueden variar por lo que recomendamos pedir una muestra de producto (a partir de 15\u20ac) enviando un mail a info@huguetmallorca.com.<\/span><\/p>\n<p><span data-sheets-value=\"{&quot;1&quot;:2,&quot;2&quot;:&quot;Sobre la colecci\u00f3n H\u00e4berli: nEl dise\u00f1ador suizo Alfredo H\u00e4berli aporta su universo personal a la baldosa hidr\u00e1ulica en una colecci\u00f3n que propone retos a la t\u00e9cnica tradicional. El primer reto, en su modelo Formentor, creando una baldosa hidr\u00e0ulica de gran formato 100x100cm que nunca se hab\u00eda ejecutado y otro reto, el de conseguir con la t\u00e9cnica hidr\u00e1ulica generar relieve en la superficie de la baldosa. &quot;}\" data-sheets-userformat=\"{&quot;2&quot;:897,&quot;3&quot;:{&quot;1&quot;:0},&quot;10&quot;:1,&quot;11&quot;:4,&quot;12&quot;:0}\"><b>Sobre las baldosas de terrazo tradicionales<\/b><\/span><br \/>\nLas baldosas de terrazo artesanal que nosotros fabricamos son un producto muy tradicional de la arquitectura mediterr\u00e1nea. Productos naturales, hechos a mano, con una personalidad propia y con un muy buen envejecimiento.<\/p>\n","protected":false},"excerpt":{"rendered":"<p>Transporte no incluido. Pide un presupuesto para m\u00e1s informaci\u00f3n. Pulido e hidrofugado\u00a0 no incluido. Precios para pedidos a partir de 250m2. u.\/m\u00b2: 4 kg\/m\u00b2: 88 La serie &#8220;b\u00e1sicos&#8221; la componen baldosas de terrazo hechos de una manera m\u00e1s industrial que en el caso de las tradicionales. Esto comporta unas limitaciones en las medidas de los &hellip;<\/p>\n<p class=\"read-more\"> <a class=\"\" href=\"https:\/\/huguetmallorca.com\/shop\/es\/product\/paris-blanco-basico\/\"> <span class=\"screen-reader-text\">Paris White B\u00e1sico. 50x50x2.5cm<\/span> Read More \u00bb<\/a><\/p>\n","protected":false},"featured_media":4119,"comment_status":"closed","ping_status":"closed","template":"","meta":{"_uag_custom_page_level_css":"","site-sidebar-layout":"default","site-content-layout":"default","ast-global-header-display":"","ast-main-header-display":"","ast-hfb-above-header-display":"","ast-hfb-below-header-display":"","ast-hfb-mobile-header-display":"","site-post-title":"","ast-breadcrumbs-content":"","ast-featured-img":"","footer-sml-layout":"","theme-transparent-header-meta":"default","adv-header-id-meta":"","stick-header-meta":"default","header-above-stick-meta":"","header-main-stick-meta":"","header-below-stick-meta":"","_themeisle_gutenberg_block_has_review":false},"product_cat":[108],"product_tag":[],"yoast_head":"<!-- This site is optimized with the Yoast SEO plugin v20.5 - https:\/\/yoast.com\/wordpress\/plugins\/seo\/ -->\n<title>Paris White B\u00e1sico. 50x50x2.5cm - Huguet<\/title>\n<meta name=\"robots\" content=\"index, follow, max-snippet:-1, max-image-preview:large, max-video-preview:-1\" \/>\n<link rel=\"canonical\" href=\"https:\/\/huguetmallorca.com\/shop\/es\/product\/paris-blanco-basico\/\" \/>\n<meta property=\"og:locale\" content=\"es_ES\" \/>\n<meta property=\"og:type\" content=\"article\" \/>\n<meta property=\"og:title\" content=\"Paris White B\u00e1sico. 50x50x2.5cm - Huguet\" \/>\n<meta property=\"og:description\" content=\"Transporte no incluido. Pide un presupuesto para m\u00e1s informaci\u00f3n. Pulido e hidrofugado\u00a0 no incluido. Precios para pedidos a partir de 250m2. u.\/m\u00b2: 4 kg\/m\u00b2: 88 La serie &#8220;b\u00e1sicos&#8221; la componen baldosas de terrazo hechos de una manera m\u00e1s industrial que en el caso de las tradicionales. Esto comporta unas limitaciones en las medidas de los &hellip; Paris White B\u00e1sico. 50x50x2.5cm Read More \u00bb\" \/>\n<meta property=\"og:url\" content=\"https:\/\/huguetmallorca.com\/shop\/es\/product\/paris-blanco-basico\/\" \/>\n<meta property=\"og:site_name\" content=\"Huguet\" \/>\n<meta property=\"article:publisher\" content=\"https:\/\/www.facebook.com\/huguetmallorca\/\" \/>\n<meta property=\"article:modified_time\" content=\"2025-01-10T09:51:22+00:00\" \/>\n<meta property=\"og:image\" content=\"https:\/\/huguetmallorca.com\/shop\/wp-content\/uploads\/2023\/01\/Paris-White-Basic.-50x50x2.5cm-scaled.jpg\" \/>\n\t<meta property=\"og:image:width\" content=\"2560\" \/>\n\t<meta property=\"og:image:height\" content=\"2560\" \/>\n\t<meta property=\"og:image:type\" content=\"image\/jpeg\" \/>\n<meta name=\"twitter:card\" content=\"summary_large_image\" \/>\n<meta name=\"twitter:site\" content=\"@HuguetMallorca\" \/>\n<meta name=\"twitter:label1\" content=\"Tiempo de lectura\" \/>\n\t<meta name=\"twitter:data1\" content=\"1 minuto\" \/>\n<script type=\"application\/ld+json\" class=\"yoast-schema-graph\">{\"@context\":\"https:\/\/schema.org\",\"@graph\":[{\"@type\":\"WebPage\",\"@id\":\"https:\/\/huguetmallorca.com\/shop\/es\/product\/paris-blanco-basico\/\",\"url\":\"https:\/\/huguetmallorca.com\/shop\/es\/product\/paris-blanco-basico\/\",\"name\":\"Paris White B\u00e1sico. 50x50x2.5cm - Huguet\",\"isPartOf\":{\"@id\":\"https:\/\/huguetmallorca.com\/shop\/#website\"},\"datePublished\":\"2023-02-02T08:30:00+00:00\",\"dateModified\":\"2025-01-10T09:51:22+00:00\",\"breadcrumb\":{\"@id\":\"https:\/\/huguetmallorca.com\/shop\/es\/product\/paris-blanco-basico\/#breadcrumb\"},\"inLanguage\":\"es\",\"potentialAction\":[{\"@type\":\"ReadAction\",\"target\":[\"https:\/\/huguetmallorca.com\/shop\/es\/product\/paris-blanco-basico\/\"]}]},{\"@type\":\"BreadcrumbList\",\"@id\":\"https:\/\/huguetmallorca.com\/shop\/es\/product\/paris-blanco-basico\/#breadcrumb\",\"itemListElement\":[{\"@type\":\"ListItem\",\"position\":1,\"name\":\"Home\",\"item\":\"https:\/\/huguetmallorca.com\/shop\/\"},{\"@type\":\"ListItem\",\"position\":2,\"name\":\"Shop\",\"item\":\"https:\/\/huguetmallorca.com\/shop\/catalogue\/\"},{\"@type\":\"ListItem\",\"position\":3,\"name\":\"Baldosas terrazzo\",\"item\":\"https:\/\/huguetmallorca.com\/shop\/es\/product-category\/baldosas_terrazzo\/\"},{\"@type\":\"ListItem\",\"position\":4,\"name\":\"Paris White B\u00e1sico. 50x50x2.5cm\"}]},{\"@type\":\"WebSite\",\"@id\":\"https:\/\/huguetmallorca.com\/shop\/#website\",\"url\":\"https:\/\/huguetmallorca.com\/shop\/\",\"name\":\"Huguet\",\"description\":\"Manufacturers since 1933 \u00b7 Mallorca\",\"publisher\":{\"@id\":\"https:\/\/huguetmallorca.com\/shop\/#organization\"},\"potentialAction\":[{\"@type\":\"SearchAction\",\"target\":{\"@type\":\"EntryPoint\",\"urlTemplate\":\"https:\/\/huguetmallorca.com\/shop\/?s={search_term_string}\"},\"query-input\":\"required name=search_term_string\"}],\"inLanguage\":\"es\"},{\"@type\":\"Organization\",\"@id\":\"https:\/\/huguetmallorca.com\/shop\/#organization\",\"name\":\"Huguet\",\"url\":\"https:\/\/huguetmallorca.com\/shop\/\",\"logo\":{\"@type\":\"ImageObject\",\"inLanguage\":\"es\",\"@id\":\"https:\/\/huguetmallorca.com\/shop\/#\/schema\/logo\/image\/\",\"url\":\"https:\/\/huguetmallorca.com\/shop\/wp-content\/uploads\/2022\/04\/logo-huguet.jpg\",\"contentUrl\":\"https:\/\/huguetmallorca.com\/shop\/wp-content\/uploads\/2022\/04\/logo-huguet.jpg\",\"width\":877,\"height\":245,\"caption\":\"Huguet\"},\"image\":{\"@id\":\"https:\/\/huguetmallorca.com\/shop\/#\/schema\/logo\/image\/\"},\"sameAs\":[\"https:\/\/www.facebook.com\/huguetmallorca\/\",\"https:\/\/twitter.com\/HuguetMallorca\",\"https:\/\/www.instagram.com\/huguetmallorca\/\"]}]}<\/script>\n<!-- \/ Yoast SEO plugin. -->","yoast_head_json":{"title":"Paris White B\u00e1sico. 50x50x2.5cm - Huguet","robots":{"index":"index","follow":"follow","max-snippet":"max-snippet:-1","max-image-preview":"max-image-preview:large","max-video-preview":"max-video-preview:-1"},"canonical":"https:\/\/huguetmallorca.com\/shop\/es\/product\/paris-blanco-basico\/","og_locale":"es_ES","og_type":"article","og_title":"Paris White B\u00e1sico. 50x50x2.5cm - Huguet","og_description":"Transporte no incluido. Pide un presupuesto para m\u00e1s informaci\u00f3n. Pulido e hidrofugado\u00a0 no incluido. Precios para pedidos a partir de 250m2. u.\/m\u00b2: 4 kg\/m\u00b2: 88 La serie &#8220;b\u00e1sicos&#8221; la componen baldosas de terrazo hechos de una manera m\u00e1s industrial que en el caso de las tradicionales. Esto comporta unas limitaciones en las medidas de los &hellip; Paris White B\u00e1sico. 50x50x2.5cm Read More \u00bb","og_url":"https:\/\/huguetmallorca.com\/shop\/es\/product\/paris-blanco-basico\/","og_site_name":"Huguet","article_publisher":"https:\/\/www.facebook.com\/huguetmallorca\/","article_modified_time":"2025-01-10T09:51:22+00:00","og_image":[{"width":2560,"height":2560,"url":"https:\/\/huguetmallorca.com\/shop\/wp-content\/uploads\/2023\/01\/Paris-White-Basic.-50x50x2.5cm-scaled.jpg","type":"image\/jpeg"}],"twitter_card":"summary_large_image","twitter_site":"@HuguetMallorca","twitter_misc":{"Tiempo de lectura":"1 minuto"},"schema":{"@context":"https:\/\/schema.org","@graph":[{"@type":"WebPage","@id":"https:\/\/huguetmallorca.com\/shop\/es\/product\/paris-blanco-basico\/","url":"https:\/\/huguetmallorca.com\/shop\/es\/product\/paris-blanco-basico\/","name":"Paris White B\u00e1sico. 50x50x2.5cm - Huguet","isPartOf":{"@id":"https:\/\/huguetmallorca.com\/shop\/#website"},"datePublished":"2023-02-02T08:30:00+00:00","dateModified":"2025-01-10T09:51:22+00:00","breadcrumb":{"@id":"https:\/\/huguetmallorca.com\/shop\/es\/product\/paris-blanco-basico\/#breadcrumb"},"inLanguage":"es","potentialAction":[{"@type":"ReadAction","target":["https:\/\/huguetmallorca.com\/shop\/es\/product\/paris-blanco-basico\/"]}]},{"@type":"BreadcrumbList","@id":"https:\/\/huguetmallorca.com\/shop\/es\/product\/paris-blanco-basico\/#breadcrumb","itemListElement":[{"@type":"ListItem","position":1,"name":"Home","item":"https:\/\/huguetmallorca.com\/shop\/"},{"@type":"ListItem","position":2,"name":"Shop","item":"https:\/\/huguetmallorca.com\/shop\/catalogue\/"},{"@type":"ListItem","position":3,"name":"Baldosas terrazzo","item":"https:\/\/huguetmallorca.com\/shop\/es\/product-category\/baldosas_terrazzo\/"},{"@type":"ListItem","position":4,"name":"Paris White B\u00e1sico. 50x50x2.5cm"}]},{"@type":"WebSite","@id":"https:\/\/huguetmallorca.com\/shop\/#website","url":"https:\/\/huguetmallorca.com\/shop\/","name":"Huguet","description":"Manufacturers since 1933 \u00b7 Mallorca","publisher":{"@id":"https:\/\/huguetmallorca.com\/shop\/#organization"},"potentialAction":[{"@type":"SearchAction","target":{"@type":"EntryPoint","urlTemplate":"https:\/\/huguetmallorca.com\/shop\/?s={search_term_string}"},"query-input":"required name=search_term_string"}],"inLanguage":"es"},{"@type":"Organization","@id":"https:\/\/huguetmallorca.com\/shop\/#organization","name":"Huguet","url":"https:\/\/huguetmallorca.com\/shop\/","logo":{"@type":"ImageObject","inLanguage":"es","@id":"https:\/\/huguetmallorca.com\/shop\/#\/schema\/logo\/image\/","url":"https:\/\/huguetmallorca.com\/shop\/wp-content\/uploads\/2022\/04\/logo-huguet.jpg","contentUrl":"https:\/\/huguetmallorca.com\/shop\/wp-content\/uploads\/2022\/04\/logo-huguet.jpg","width":877,"height":245,"caption":"Huguet"},"image":{"@id":"https:\/\/huguetmallorca.com\/shop\/#\/schema\/logo\/image\/"},"sameAs":["https:\/\/www.facebook.com\/huguetmallorca\/","https:\/\/twitter.com\/HuguetMallorca","https:\/\/www.instagram.com\/huguetmallorca\/"]}]}},"lang":"es","translations":{"es":543,"en":441,"ca":553},"uagb_featured_image_src":{"full":["https:\/\/huguetmallorca.com\/shop\/wp-content\/uploads\/2023\/01\/Paris-White-Basic.-50x50x2.5cm-scaled.jpg",2560,2560,false],"thumbnail":["https:\/\/huguetmallorca.com\/shop\/wp-content\/uploads\/2023\/01\/Paris-White-Basic.-50x50x2.5cm-150x150.jpg",150,150,true],"medium":["https:\/\/huguetmallorca.com\/shop\/wp-content\/uploads\/2023\/01\/Paris-White-Basic.-50x50x2.5cm-300x300.jpg",300,300,true],"medium_large":["https:\/\/huguetmallorca.com\/shop\/wp-content\/uploads\/2023\/01\/Paris-White-Basic.-50x50x2.5cm-768x768.jpg",768,768,true],"large":["https:\/\/huguetmallorca.com\/shop\/wp-content\/uploads\/2023\/01\/Paris-White-Basic.-50x50x2.5cm-1024x1024.jpg",1024,1024,true],"1536x1536":["https:\/\/huguetmallorca.com\/shop\/wp-content\/uploads\/2023\/01\/Paris-White-Basic.-50x50x2.5cm-1536x1536.jpg",1536,1536,true],"2048x2048":["https:\/\/huguetmallorca.com\/shop\/wp-content\/uploads\/2023\/01\/Paris-White-Basic.-50x50x2.5cm-2048x2048.jpg",2048,2048,true],"woocommerce_thumbnail":["https:\/\/huguetmallorca.com\/shop\/wp-content\/uploads\/2023\/01\/Paris-White-Basic.-50x50x2.5cm-300x300.jpg",300,300,true],"woocommerce_single":["https:\/\/huguetmallorca.com\/shop\/wp-content\/uploads\/2023\/01\/Paris-White-Basic.-50x50x2.5cm-600x600.jpg",600,600,true],"woocommerce_gallery_thumbnail":["https:\/\/huguetmallorca.com\/shop\/wp-content\/uploads\/2023\/01\/Paris-White-Basic.-50x50x2.5cm-100x100.jpg",100,100,true]},"uagb_author_info":{"display_name":"antoniamaria.rigo","author_link":"https:\/\/huguetmallorca.com\/shop\/author\/"},"uagb_comment_info":0,"uagb_excerpt":"Transporte no incluido. Pide un presupuesto para m\u00e1s informaci\u00f3n. Pulido e hidrofugado\u00a0 no incluido. Precios para pedidos a partir de 250m2. u.\/m\u00b2: 4 kg\/m\u00b2: 88 La serie &#8220;b\u00e1sicos&#8221; la componen baldosas de terrazo hechos de una manera m\u00e1s industrial que en el caso de las tradicionales. Esto comporta unas limitaciones en las medidas de los&hellip;","pll_sync_post":[],"_links":{"self":[{"href":"https:\/\/huguetmallorca.com\/shop\/wp-json\/wp\/v2\/product\/543"}],"collection":[{"href":"https:\/\/huguetmallorca.com\/shop\/wp-json\/wp\/v2\/product"}],"about":[{"href":"https:\/\/huguetmallorca.com\/shop\/wp-json\/wp\/v2\/types\/product"}],"replies":[{"embeddable":true,"href":"https:\/\/huguetmallorca.com\/shop\/wp-json\/wp\/v2\/comments?post=543"}],"wp:featuredmedia":[{"embeddable":true,"href":"https:\/\/huguetmallorca.com\/shop\/wp-json\/wp\/v2\/media\/4119"}],"wp:attachment":[{"href":"https:\/\/huguetmallorca.com\/shop\/wp-json\/wp\/v2\/media?parent=543"}],"wp:term":[{"taxonomy":"product_cat","embeddable":true,"href":"https:\/\/huguetmallorca.com\/shop\/wp-json\/wp\/v2\/product_cat?post=543"},{"taxonomy":"product_tag","embeddable":true,"href":"https:\/\/huguetmallorca.com\/shop\/wp-json\/wp\/v2\/product_tag?post=543"}],"curies":[{"name":"wp","href":"https:\/\/api.w.org\/{rel}","templated":true}]}}