{"id":7106,"date":"2024-11-22T14:20:52","date_gmt":"2024-11-22T13:20:52","guid":{"rendered":"https:\/\/huguetmallorca.com\/shop\/?post_type=product&#038;p=7106"},"modified":"2026-02-05T10:56:49","modified_gmt":"2026-02-05T09:56:49","slug":"horta-30x5x2-2cm","status":"publish","type":"product","link":"https:\/\/huguetmallorca.com\/shop\/ca\/product\/horta-30x5x2-2cm\/","title":{"rendered":"Terracotta Horta. 30x5x2.2cm"},"content":{"rendered":"<p><strong>Transport no incl\u00f2s. <\/strong>Demana pressupost per m\u00e9s informaci\u00f3.<br \/>\n<strong>Polit i hidrofugat no incl\u00f2s.<\/strong><\/p>\n<p>u.\/m\u00b2: 66<br \/>\nkg\/m\u00b2: 37<\/p>\n<p><span style=\"font-weight: 400;\">Els colors que es poden veure en pantalla s\u00f3n aproximats i poden variar pel que recomanam demanar una mostra de producte (a partir de 15 \u20ac) enviant un mail a info@huguetmallorca.com.<\/span><\/p>\n<p><b>Sobre les rajoles terracotta<\/b><b><br \/>\n<\/b>Les rajoles de terracotta s\u00f3n un producte natural i semimanual, ja que es modelen a m\u00e0 per\u00f2 es premsen amb l&#8217;ajuda de m\u00e0quines. Aquesta combinaci\u00f3 de processos resulta en rajoles m\u00e9s primes en comparaci\u00f3 amb les fetes completament a m\u00e0 per\u00f2 mant\u00e9 les difer\u00e8ncies de tons, les petites variacions dimensionals i les irregularitats en la seva textura caracter\u00edstiques del producte artesanal.<\/p>\n","protected":false},"excerpt":{"rendered":"<p>Transport no incl\u00f2s. Demana pressupost per m\u00e9s informaci\u00f3. Polit i hidrofugat no incl\u00f2s. u.\/m\u00b2: 66 kg\/m\u00b2: 37 Els colors que es poden veure en pantalla s\u00f3n aproximats i poden variar pel que recomanam demanar una mostra de producte (a partir de 15 \u20ac) enviant un mail a info@huguetmallorca.com. Sobre les rajoles terracotta Les rajoles de &hellip;<\/p>\n<p class=\"read-more\"> <a class=\"\" href=\"https:\/\/huguetmallorca.com\/shop\/ca\/product\/horta-30x5x2-2cm\/\"> <span class=\"screen-reader-text\">Terracotta Horta. 30x5x2.2cm<\/span> Read More \u00bb<\/a><\/p>\n","protected":false},"featured_media":7109,"comment_status":"closed","ping_status":"closed","template":"","meta":{"_uag_custom_page_level_css":"","site-sidebar-layout":"default","site-content-layout":"default","ast-global-header-display":"","ast-main-header-display":"","ast-hfb-above-header-display":"","ast-hfb-below-header-display":"","ast-hfb-mobile-header-display":"","site-post-title":"","ast-breadcrumbs-content":"","ast-featured-img":"","footer-sml-layout":"","theme-transparent-header-meta":"default","adv-header-id-meta":"","stick-header-meta":"default","header-above-stick-meta":"","header-main-stick-meta":"","header-below-stick-meta":"","_themeisle_gutenberg_block_has_review":false},"product_cat":[536],"product_tag":[],"yoast_head":"<!-- This site is optimized with the Yoast SEO plugin v20.5 - https:\/\/yoast.com\/wordpress\/plugins\/seo\/ -->\n<title>Terracotta Horta. 30x5x2.2cm - Huguet<\/title>\n<meta name=\"robots\" content=\"index, follow, max-snippet:-1, max-image-preview:large, max-video-preview:-1\" \/>\n<link rel=\"canonical\" href=\"https:\/\/huguetmallorca.com\/shop\/ca\/product\/horta-30x5x2-2cm\/\" \/>\n<meta property=\"og:locale\" content=\"es_ES\" \/>\n<meta property=\"og:type\" content=\"article\" \/>\n<meta property=\"og:title\" content=\"Terracotta Horta. 30x5x2.2cm - Huguet\" \/>\n<meta property=\"og:description\" content=\"Transport no incl\u00f2s. Demana pressupost per m\u00e9s informaci\u00f3. Polit i hidrofugat no incl\u00f2s. u.\/m\u00b2: 66 kg\/m\u00b2: 37 Els colors que es poden veure en pantalla s\u00f3n aproximats i poden variar pel que recomanam demanar una mostra de producte (a partir de 15 \u20ac) enviant un mail a info@huguetmallorca.com. Sobre les rajoles terracotta Les rajoles de &hellip; Terracotta Horta. 30x5x2.2cm Read More \u00bb\" \/>\n<meta property=\"og:url\" content=\"https:\/\/huguetmallorca.com\/shop\/ca\/product\/horta-30x5x2-2cm\/\" \/>\n<meta property=\"og:site_name\" content=\"Huguet\" \/>\n<meta property=\"article:publisher\" content=\"https:\/\/www.facebook.com\/huguetmallorca\/\" \/>\n<meta property=\"article:modified_time\" content=\"2026-02-05T09:56:49+00:00\" \/>\n<meta property=\"og:image\" content=\"https:\/\/huguetmallorca.com\/shop\/wp-content\/uploads\/2024\/11\/Horta.5x30x2-1-scaled.jpg\" \/>\n\t<meta property=\"og:image:width\" content=\"2560\" \/>\n\t<meta property=\"og:image:height\" content=\"2560\" \/>\n\t<meta property=\"og:image:type\" content=\"image\/jpeg\" \/>\n<meta name=\"twitter:card\" content=\"summary_large_image\" \/>\n<meta name=\"twitter:site\" content=\"@HuguetMallorca\" \/>\n<meta name=\"twitter:label1\" content=\"Tiempo de lectura\" \/>\n\t<meta name=\"twitter:data1\" content=\"1 minuto\" \/>\n<script type=\"application\/ld+json\" class=\"yoast-schema-graph\">{\"@context\":\"https:\/\/schema.org\",\"@graph\":[{\"@type\":\"WebPage\",\"@id\":\"https:\/\/huguetmallorca.com\/shop\/ca\/product\/horta-30x5x2-2cm\/\",\"url\":\"https:\/\/huguetmallorca.com\/shop\/ca\/product\/horta-30x5x2-2cm\/\",\"name\":\"Terracotta Horta. 30x5x2.2cm - Huguet\",\"isPartOf\":{\"@id\":\"https:\/\/huguetmallorca.com\/shop\/#website\"},\"datePublished\":\"2024-11-22T13:20:52+00:00\",\"dateModified\":\"2026-02-05T09:56:49+00:00\",\"breadcrumb\":{\"@id\":\"https:\/\/huguetmallorca.com\/shop\/ca\/product\/horta-30x5x2-2cm\/#breadcrumb\"},\"inLanguage\":\"es\",\"potentialAction\":[{\"@type\":\"ReadAction\",\"target\":[\"https:\/\/huguetmallorca.com\/shop\/ca\/product\/horta-30x5x2-2cm\/\"]}]},{\"@type\":\"BreadcrumbList\",\"@id\":\"https:\/\/huguetmallorca.com\/shop\/ca\/product\/horta-30x5x2-2cm\/#breadcrumb\",\"itemListElement\":[{\"@type\":\"ListItem\",\"position\":1,\"name\":\"Home\",\"item\":\"https:\/\/huguetmallorca.com\/shop\/\"},{\"@type\":\"ListItem\",\"position\":2,\"name\":\"Shop\",\"item\":\"https:\/\/huguetmallorca.com\/shop\/catalogue\/\"},{\"@type\":\"ListItem\",\"position\":3,\"name\":\"Rajoles de fang\",\"item\":\"https:\/\/huguetmallorca.com\/shop\/ca\/product-category\/rajoles_terracotta\/\"},{\"@type\":\"ListItem\",\"position\":4,\"name\":\"Terracotta Horta. 30x5x2.2cm\"}]},{\"@type\":\"WebSite\",\"@id\":\"https:\/\/huguetmallorca.com\/shop\/#website\",\"url\":\"https:\/\/huguetmallorca.com\/shop\/\",\"name\":\"Huguet\",\"description\":\"Manufacturers since 1933 \u00b7 Mallorca\",\"publisher\":{\"@id\":\"https:\/\/huguetmallorca.com\/shop\/#organization\"},\"potentialAction\":[{\"@type\":\"SearchAction\",\"target\":{\"@type\":\"EntryPoint\",\"urlTemplate\":\"https:\/\/huguetmallorca.com\/shop\/?s={search_term_string}\"},\"query-input\":\"required name=search_term_string\"}],\"inLanguage\":\"es\"},{\"@type\":\"Organization\",\"@id\":\"https:\/\/huguetmallorca.com\/shop\/#organization\",\"name\":\"Huguet\",\"url\":\"https:\/\/huguetmallorca.com\/shop\/\",\"logo\":{\"@type\":\"ImageObject\",\"inLanguage\":\"es\",\"@id\":\"https:\/\/huguetmallorca.com\/shop\/#\/schema\/logo\/image\/\",\"url\":\"https:\/\/huguetmallorca.com\/shop\/wp-content\/uploads\/2022\/04\/logo-huguet.jpg\",\"contentUrl\":\"https:\/\/huguetmallorca.com\/shop\/wp-content\/uploads\/2022\/04\/logo-huguet.jpg\",\"width\":877,\"height\":245,\"caption\":\"Huguet\"},\"image\":{\"@id\":\"https:\/\/huguetmallorca.com\/shop\/#\/schema\/logo\/image\/\"},\"sameAs\":[\"https:\/\/www.facebook.com\/huguetmallorca\/\",\"https:\/\/twitter.com\/HuguetMallorca\",\"https:\/\/www.instagram.com\/huguetmallorca\/\"]}]}<\/script>\n<!-- \/ Yoast SEO plugin. -->","yoast_head_json":{"title":"Terracotta Horta. 30x5x2.2cm - Huguet","robots":{"index":"index","follow":"follow","max-snippet":"max-snippet:-1","max-image-preview":"max-image-preview:large","max-video-preview":"max-video-preview:-1"},"canonical":"https:\/\/huguetmallorca.com\/shop\/ca\/product\/horta-30x5x2-2cm\/","og_locale":"es_ES","og_type":"article","og_title":"Terracotta Horta. 30x5x2.2cm - Huguet","og_description":"Transport no incl\u00f2s. Demana pressupost per m\u00e9s informaci\u00f3. Polit i hidrofugat no incl\u00f2s. u.\/m\u00b2: 66 kg\/m\u00b2: 37 Els colors que es poden veure en pantalla s\u00f3n aproximats i poden variar pel que recomanam demanar una mostra de producte (a partir de 15 \u20ac) enviant un mail a info@huguetmallorca.com. Sobre les rajoles terracotta Les rajoles de &hellip; Terracotta Horta. 30x5x2.2cm Read More \u00bb","og_url":"https:\/\/huguetmallorca.com\/shop\/ca\/product\/horta-30x5x2-2cm\/","og_site_name":"Huguet","article_publisher":"https:\/\/www.facebook.com\/huguetmallorca\/","article_modified_time":"2026-02-05T09:56:49+00:00","og_image":[{"width":2560,"height":2560,"url":"https:\/\/huguetmallorca.com\/shop\/wp-content\/uploads\/2024\/11\/Horta.5x30x2-1-scaled.jpg","type":"image\/jpeg"}],"twitter_card":"summary_large_image","twitter_site":"@HuguetMallorca","twitter_misc":{"Tiempo de lectura":"1 minuto"},"schema":{"@context":"https:\/\/schema.org","@graph":[{"@type":"WebPage","@id":"https:\/\/huguetmallorca.com\/shop\/ca\/product\/horta-30x5x2-2cm\/","url":"https:\/\/huguetmallorca.com\/shop\/ca\/product\/horta-30x5x2-2cm\/","name":"Terracotta Horta. 30x5x2.2cm - Huguet","isPartOf":{"@id":"https:\/\/huguetmallorca.com\/shop\/#website"},"datePublished":"2024-11-22T13:20:52+00:00","dateModified":"2026-02-05T09:56:49+00:00","breadcrumb":{"@id":"https:\/\/huguetmallorca.com\/shop\/ca\/product\/horta-30x5x2-2cm\/#breadcrumb"},"inLanguage":"es","potentialAction":[{"@type":"ReadAction","target":["https:\/\/huguetmallorca.com\/shop\/ca\/product\/horta-30x5x2-2cm\/"]}]},{"@type":"BreadcrumbList","@id":"https:\/\/huguetmallorca.com\/shop\/ca\/product\/horta-30x5x2-2cm\/#breadcrumb","itemListElement":[{"@type":"ListItem","position":1,"name":"Home","item":"https:\/\/huguetmallorca.com\/shop\/"},{"@type":"ListItem","position":2,"name":"Shop","item":"https:\/\/huguetmallorca.com\/shop\/catalogue\/"},{"@type":"ListItem","position":3,"name":"Rajoles de fang","item":"https:\/\/huguetmallorca.com\/shop\/ca\/product-category\/rajoles_terracotta\/"},{"@type":"ListItem","position":4,"name":"Terracotta Horta. 30x5x2.2cm"}]},{"@type":"WebSite","@id":"https:\/\/huguetmallorca.com\/shop\/#website","url":"https:\/\/huguetmallorca.com\/shop\/","name":"Huguet","description":"Manufacturers since 1933 \u00b7 Mallorca","publisher":{"@id":"https:\/\/huguetmallorca.com\/shop\/#organization"},"potentialAction":[{"@type":"SearchAction","target":{"@type":"EntryPoint","urlTemplate":"https:\/\/huguetmallorca.com\/shop\/?s={search_term_string}"},"query-input":"required name=search_term_string"}],"inLanguage":"es"},{"@type":"Organization","@id":"https:\/\/huguetmallorca.com\/shop\/#organization","name":"Huguet","url":"https:\/\/huguetmallorca.com\/shop\/","logo":{"@type":"ImageObject","inLanguage":"es","@id":"https:\/\/huguetmallorca.com\/shop\/#\/schema\/logo\/image\/","url":"https:\/\/huguetmallorca.com\/shop\/wp-content\/uploads\/2022\/04\/logo-huguet.jpg","contentUrl":"https:\/\/huguetmallorca.com\/shop\/wp-content\/uploads\/2022\/04\/logo-huguet.jpg","width":877,"height":245,"caption":"Huguet"},"image":{"@id":"https:\/\/huguetmallorca.com\/shop\/#\/schema\/logo\/image\/"},"sameAs":["https:\/\/www.facebook.com\/huguetmallorca\/","https:\/\/twitter.com\/HuguetMallorca","https:\/\/www.instagram.com\/huguetmallorca\/"]}]}},"lang":"ca","translations":{"ca":7106,"en":7104,"es":7105},"uagb_featured_image_src":{"full":["https:\/\/huguetmallorca.com\/shop\/wp-content\/uploads\/2024\/11\/Horta.5x30x2-1-scaled.jpg",2560,2560,false],"thumbnail":["https:\/\/huguetmallorca.com\/shop\/wp-content\/uploads\/2024\/11\/Horta.5x30x2-1-150x150.jpg",150,150,true],"medium":["https:\/\/huguetmallorca.com\/shop\/wp-content\/uploads\/2024\/11\/Horta.5x30x2-1-300x300.jpg",300,300,true],"medium_large":["https:\/\/huguetmallorca.com\/shop\/wp-content\/uploads\/2024\/11\/Horta.5x30x2-1-768x768.jpg",768,768,true],"large":["https:\/\/huguetmallorca.com\/shop\/wp-content\/uploads\/2024\/11\/Horta.5x30x2-1-1024x1024.jpg",1024,1024,true],"1536x1536":["https:\/\/huguetmallorca.com\/shop\/wp-content\/uploads\/2024\/11\/Horta.5x30x2-1-1536x1536.jpg",1536,1536,true],"2048x2048":["https:\/\/huguetmallorca.com\/shop\/wp-content\/uploads\/2024\/11\/Horta.5x30x2-1-2048x2048.jpg",2048,2048,true],"woocommerce_thumbnail":["https:\/\/huguetmallorca.com\/shop\/wp-content\/uploads\/2024\/11\/Horta.5x30x2-1-300x300.jpg",300,300,true],"woocommerce_single":["https:\/\/huguetmallorca.com\/shop\/wp-content\/uploads\/2024\/11\/Horta.5x30x2-1-600x600.jpg",600,600,true],"woocommerce_gallery_thumbnail":["https:\/\/huguetmallorca.com\/shop\/wp-content\/uploads\/2024\/11\/Horta.5x30x2-1-100x100.jpg",100,100,true]},"uagb_author_info":{"display_name":"antoniamaria.rigo","author_link":"https:\/\/huguetmallorca.com\/shop\/author\/"},"uagb_comment_info":0,"uagb_excerpt":"Transport no incl\u00f2s. Demana pressupost per m\u00e9s informaci\u00f3. Polit i hidrofugat no incl\u00f2s. u.\/m\u00b2: 66 kg\/m\u00b2: 37 Els colors que es poden veure en pantalla s\u00f3n aproximats i poden variar pel que recomanam demanar una mostra de producte (a partir de 15 \u20ac) enviant un mail a info@huguetmallorca.com. Sobre les rajoles terracotta Les rajoles de&hellip;","pll_sync_post":[],"_links":{"self":[{"href":"https:\/\/huguetmallorca.com\/shop\/wp-json\/wp\/v2\/product\/7106"}],"collection":[{"href":"https:\/\/huguetmallorca.com\/shop\/wp-json\/wp\/v2\/product"}],"about":[{"href":"https:\/\/huguetmallorca.com\/shop\/wp-json\/wp\/v2\/types\/product"}],"replies":[{"embeddable":true,"href":"https:\/\/huguetmallorca.com\/shop\/wp-json\/wp\/v2\/comments?post=7106"}],"wp:featuredmedia":[{"embeddable":true,"href":"https:\/\/huguetmallorca.com\/shop\/wp-json\/wp\/v2\/media\/7109"}],"wp:attachment":[{"href":"https:\/\/huguetmallorca.com\/shop\/wp-json\/wp\/v2\/media?parent=7106"}],"wp:term":[{"taxonomy":"product_cat","embeddable":true,"href":"https:\/\/huguetmallorca.com\/shop\/wp-json\/wp\/v2\/product_cat?post=7106"},{"taxonomy":"product_tag","embeddable":true,"href":"https:\/\/huguetmallorca.com\/shop\/wp-json\/wp\/v2\/product_tag?post=7106"}],"curies":[{"name":"wp","href":"https:\/\/api.w.org\/{rel}","templated":true}]}}